{"id":3776,"date":"2023-06-23T18:40:06","date_gmt":"2023-06-23T16:40:06","guid":{"rendered":"https:\/\/bilshopping.dk\/produkt\/audison-thesis-th-quattro-4-kanal-forstaerker\/"},"modified":"2023-06-23T18:40:20","modified_gmt":"2023-06-23T16:40:20","slug":"audison-thesis-th-quattro-4-kanal-forstaerker","status":"publish","type":"product","link":"https:\/\/bilshopping.dk\/?product=audison-thesis-th-quattro-4-kanal-forstaerker","title":{"rendered":"Audison Thesis TH Quattro 4 kanal Forst\u00e6rker"},"content":{"rendered":"<p>Produktid er <strong>486<\/strong> og <strong>8018823088442<\/strong><\/p>\n<h2>Anmeldelse af Audison Thesis TH Quattro 4 kanal Forst\u00e6rker<\/h2>\n<p>Se om vi har en <a href=\"https:\/\/bilshopping.dk\/592\">anmeldelse af Audison Thesis TH Quattro 4 kanal Forst\u00e6rker<\/a>.<\/p>\n","protected":false},"excerpt":{"rendered":"<p>Audison Thesis TH Quattro 4 kanal Forst\u00e6rker er med\u00c2\u00a0Klasse A forst\u00e6rkertrin, multi-standard analoge og digitale indgange og kontrol af forst\u00e6rkeren via en mikroprocessor g\u00f8r dette produkt til det h\u00f8jest udviklede blandt AUDISON forst\u00e6rkere.\u00c2\u00a0Brokoblingsm, Audison Thesis TH Quattro 4 kanal Forst\u00e6rker.<\/p>\n","protected":false},"featured_media":3777,"comment_status":"closed","ping_status":"open","template":"","meta":{"_kad_post_transparent":"","_kad_post_title":"","_kad_post_layout":"","_kad_post_sidebar_id":"","_kad_post_content_style":"","_kad_post_vertical_padding":"","_kad_post_feature":"","_kad_post_feature_position":"","_kad_post_header":false,"_kad_post_footer":false},"product_cat":[3162,3176],"product_tag":[3164,3177,2988],"brand":[],"class_list":{"0":"post-3776","1":"product","2":"type-product","3":"status-publish","4":"has-post-thumbnail","6":"product_cat-bilstereo","7":"product_cat-forstaerkere","8":"product_tag-bilstereo","9":"product_tag-forstaerkere","10":"product_tag-los","12":"first","13":"instock","14":"product-type-external","15":"entry","16":"content-bg","17":"loop-entry"},"_links":{"self":[{"href":"https:\/\/bilshopping.dk\/index.php?rest_route=\/wp\/v2\/product\/3776","targetHints":{"allow":["GET"]}}],"collection":[{"href":"https:\/\/bilshopping.dk\/index.php?rest_route=\/wp\/v2\/product"}],"about":[{"href":"https:\/\/bilshopping.dk\/index.php?rest_route=\/wp\/v2\/types\/product"}],"replies":[{"embeddable":true,"href":"https:\/\/bilshopping.dk\/index.php?rest_route=%2Fwp%2Fv2%2Fcomments&post=3776"}],"wp:featuredmedia":[{"embeddable":true,"href":"https:\/\/bilshopping.dk\/index.php?rest_route=\/wp\/v2\/media\/3777"}],"wp:attachment":[{"href":"https:\/\/bilshopping.dk\/index.php?rest_route=%2Fwp%2Fv2%2Fmedia&parent=3776"}],"wp:term":[{"taxonomy":"product_cat","embeddable":true,"href":"https:\/\/bilshopping.dk\/index.php?rest_route=%2Fwp%2Fv2%2Fproduct_cat&post=3776"},{"taxonomy":"product_tag","embeddable":true,"href":"https:\/\/bilshopping.dk\/index.php?rest_route=%2Fwp%2Fv2%2Fproduct_tag&post=3776"},{"taxonomy":"brand","embeddable":true,"href":"https:\/\/bilshopping.dk\/index.php?rest_route=%2Fwp%2Fv2%2Fbrand&post=3776"}],"curies":[{"name":"wp","href":"https:\/\/api.w.org\/{rel}","templated":true}]}}