{"id":3782,"date":"2023-06-23T18:40:23","date_gmt":"2023-06-23T16:40:23","guid":{"rendered":"https:\/\/bilshopping.dk\/produkt\/audison-thesis-hv-venti-2-kanal-forstaerker\/"},"modified":"2023-06-23T18:40:24","modified_gmt":"2023-06-23T16:40:24","slug":"audison-thesis-hv-venti-2-kanal-forstaerker","status":"publish","type":"product","link":"https:\/\/bilshopping.dk\/?product=audison-thesis-hv-venti-2-kanal-forstaerker","title":{"rendered":"Audison Thesis HV Venti 2 kanal Forst\u00e6rker"},"content":{"rendered":"<p>Produktid er <strong>489<\/strong> og <strong>8018823081009<\/strong><\/p>\n<h2>Anmeldelse af Audison Thesis HV Venti 2 kanal Forst\u00e6rker<\/h2>\n<p>Se om vi har en <a href=\"https:\/\/bilshopping.dk\/592\">anmeldelse af Audison Thesis HV Venti 2 kanal Forst\u00e6rker<\/a>.<\/p>\n","protected":false},"excerpt":{"rendered":"<p>Audison Thesis HV Venti 2 kanal Forst\u00e6rker -\u00c2\u00a0Hvert produkt er unikt da det er h\u00e5ndbygget. Det er designet og udviklet med henblik p\u00e5 at s\u00e6tte den h\u00f8jeste standard inden for bilstereo forst\u00e6rkere, det er lykkedes og g\u00f8r derfor Thesis HV Venti uforlignelig, Audison Thesis HV Venti 2 kanal Forst\u00e6rker.<\/p>\n","protected":false},"featured_media":3783,"comment_status":"closed","ping_status":"open","template":"","meta":{"_kad_post_transparent":"","_kad_post_title":"","_kad_post_layout":"","_kad_post_sidebar_id":"","_kad_post_content_style":"","_kad_post_vertical_padding":"","_kad_post_feature":"","_kad_post_feature_position":"","_kad_post_header":false,"_kad_post_footer":false},"product_cat":[3162,3176],"product_tag":[3164,3177,2988],"brand":[],"class_list":{"0":"post-3782","1":"product","2":"type-product","3":"status-publish","4":"has-post-thumbnail","6":"product_cat-bilstereo","7":"product_cat-forstaerkere","8":"product_tag-bilstereo","9":"product_tag-forstaerkere","10":"product_tag-los","12":"first","13":"instock","14":"product-type-external","15":"entry","16":"content-bg","17":"loop-entry"},"_links":{"self":[{"href":"https:\/\/bilshopping.dk\/index.php?rest_route=\/wp\/v2\/product\/3782","targetHints":{"allow":["GET"]}}],"collection":[{"href":"https:\/\/bilshopping.dk\/index.php?rest_route=\/wp\/v2\/product"}],"about":[{"href":"https:\/\/bilshopping.dk\/index.php?rest_route=\/wp\/v2\/types\/product"}],"replies":[{"embeddable":true,"href":"https:\/\/bilshopping.dk\/index.php?rest_route=%2Fwp%2Fv2%2Fcomments&post=3782"}],"wp:featuredmedia":[{"embeddable":true,"href":"https:\/\/bilshopping.dk\/index.php?rest_route=\/wp\/v2\/media\/3783"}],"wp:attachment":[{"href":"https:\/\/bilshopping.dk\/index.php?rest_route=%2Fwp%2Fv2%2Fmedia&parent=3782"}],"wp:term":[{"taxonomy":"product_cat","embeddable":true,"href":"https:\/\/bilshopping.dk\/index.php?rest_route=%2Fwp%2Fv2%2Fproduct_cat&post=3782"},{"taxonomy":"product_tag","embeddable":true,"href":"https:\/\/bilshopping.dk\/index.php?rest_route=%2Fwp%2Fv2%2Fproduct_tag&post=3782"},{"taxonomy":"brand","embeddable":true,"href":"https:\/\/bilshopping.dk\/index.php?rest_route=%2Fwp%2Fv2%2Fbrand&post=3782"}],"curies":[{"name":"wp","href":"https:\/\/api.w.org\/{rel}","templated":true}]}}