{"id":3788,"date":"2023-06-23T18:40:23","date_gmt":"2023-06-23T16:40:23","guid":{"rendered":"https:\/\/bilshopping.dk\/produkt\/audison-voce-stereo-av-due-high-end-2-kanal-forstaerkera\/"},"modified":"2023-06-23T18:40:25","modified_gmt":"2023-06-23T16:40:25","slug":"audison-voce-stereo-av-due-high-end-2-kanal-forstaerkera","status":"publish","type":"product","link":"https:\/\/bilshopping.dk\/?product=audison-voce-stereo-av-due-high-end-2-kanal-forstaerkera","title":{"rendered":"Audison Voce Stereo AV Due High-End 2 Kanal Forst\u00e6rker\u00c2\u00a0"},"content":{"rendered":"<p>Produktid er <strong>492<\/strong> og <strong>8018823107792<\/strong><\/p>\n<h2>Anmeldelse af Audison Voce Stereo AV Due High-End 2 Kanal Forst\u00e6rker\u00c2\u00a0<\/h2>\n<p>Se om vi har en <a href=\"https:\/\/bilshopping.dk\/592\">anmeldelse af Audison Voce Stereo AV Due High-End 2 Kanal Forst\u00e6rker\u00c2\u00a0<\/a>.<\/p>\n","protected":false},"excerpt":{"rendered":"<p>Audison Voce Stereo AV Due High-End 2 Kanal Forst\u00e6rker\u00c2\u00a0er en kraftfuld stereo forst\u00e6rker. Str\u00f8mforsyningen og sluttrinet er designet til\u00c2\u00a0at arbejde ogs\u00e5 i mono og tri-mode, som sikrer et meget h\u00f8jt udgangssignal -\u00c2\u00a0helt op til 900 W (RMS).\u00c2\u00a0Der er &#8220;uend, Audison Voce Stereo AV Due High-End 2 Kanal Forst\u00e6rker\u00c2\u00a0.<\/p>\n","protected":false},"featured_media":3789,"comment_status":"closed","ping_status":"open","template":"","meta":{"_kad_post_transparent":"","_kad_post_title":"","_kad_post_layout":"","_kad_post_sidebar_id":"","_kad_post_content_style":"","_kad_post_vertical_padding":"","_kad_post_feature":"","_kad_post_feature_position":"","_kad_post_header":false,"_kad_post_footer":false},"product_cat":[3162,3176],"product_tag":[3164,3177,2988],"brand":[],"class_list":{"0":"post-3788","1":"product","2":"type-product","3":"status-publish","4":"has-post-thumbnail","6":"product_cat-bilstereo","7":"product_cat-forstaerkere","8":"product_tag-bilstereo","9":"product_tag-forstaerkere","10":"product_tag-los","12":"first","13":"instock","14":"product-type-external","15":"entry","16":"content-bg","17":"loop-entry"},"_links":{"self":[{"href":"https:\/\/bilshopping.dk\/index.php?rest_route=\/wp\/v2\/product\/3788","targetHints":{"allow":["GET"]}}],"collection":[{"href":"https:\/\/bilshopping.dk\/index.php?rest_route=\/wp\/v2\/product"}],"about":[{"href":"https:\/\/bilshopping.dk\/index.php?rest_route=\/wp\/v2\/types\/product"}],"replies":[{"embeddable":true,"href":"https:\/\/bilshopping.dk\/index.php?rest_route=%2Fwp%2Fv2%2Fcomments&post=3788"}],"wp:featuredmedia":[{"embeddable":true,"href":"https:\/\/bilshopping.dk\/index.php?rest_route=\/wp\/v2\/media\/3789"}],"wp:attachment":[{"href":"https:\/\/bilshopping.dk\/index.php?rest_route=%2Fwp%2Fv2%2Fmedia&parent=3788"}],"wp:term":[{"taxonomy":"product_cat","embeddable":true,"href":"https:\/\/bilshopping.dk\/index.php?rest_route=%2Fwp%2Fv2%2Fproduct_cat&post=3788"},{"taxonomy":"product_tag","embeddable":true,"href":"https:\/\/bilshopping.dk\/index.php?rest_route=%2Fwp%2Fv2%2Fproduct_tag&post=3788"},{"taxonomy":"brand","embeddable":true,"href":"https:\/\/bilshopping.dk\/index.php?rest_route=%2Fwp%2Fv2%2Fbrand&post=3788"}],"curies":[{"name":"wp","href":"https:\/\/api.w.org\/{rel}","templated":true}]}}