{"id":3816,"date":"2023-06-23T18:40:23","date_gmt":"2023-06-23T16:40:23","guid":{"rendered":"https:\/\/bilshopping.dk\/produkt\/kia-sportage-navigation\/"},"modified":"2023-06-23T18:40:42","modified_gmt":"2023-06-23T16:40:42","slug":"kia-sportage-navigation","status":"publish","type":"product","link":"https:\/\/bilshopping.dk\/?product=kia-sportage-navigation","title":{"rendered":"Kia Sportage Navigation"},"content":{"rendered":"<p>Produktid er <strong>535<\/strong> og <strong><\/strong><\/p>\n<h2>Anmeldelse af Kia Sportage Navigation<\/h2>\n<p>Se om vi har en <a href=\"https:\/\/bilshopping.dk\/592\">anmeldelse af Kia Sportage Navigation<\/a>.<\/p>\n","protected":false},"excerpt":{"rendered":"<p>Kia Sportage Navigation med special OEM design 100% match til oprindelig\u00c2\u00a0bil.\u00c2\u00a0Ingen modificering, Plug &#038; play, ingen kabler klippes. Rattets funktioner bevares. Intelligent Navigation, st\u00f8tter \u00e6gte 3D kort. Nyeste kortdata med l\u00f8bende opdatering. Intell, Kia Sportage Navigation.<\/p>\n","protected":false},"featured_media":3817,"comment_status":"closed","ping_status":"open","template":"","meta":{"_kad_post_transparent":"","_kad_post_title":"","_kad_post_layout":"","_kad_post_sidebar_id":"","_kad_post_content_style":"","_kad_post_vertical_padding":"","_kad_post_feature":"","_kad_post_feature_position":"","_kad_post_header":false,"_kad_post_footer":false},"product_cat":[3162,3199,3189],"product_tag":[3164,3200,2988,3190],"brand":[],"class_list":{"0":"post-3816","1":"product","2":"type-product","3":"status-publish","4":"has-post-thumbnail","6":"product_cat-bilstereo","7":"product_cat-kia","8":"product_cat-navigation-til-bil","9":"product_tag-bilstereo","10":"product_tag-kia","11":"product_tag-los","12":"product_tag-navigation-til-bil","14":"first","15":"instock","16":"sale","17":"product-type-external","18":"entry","19":"content-bg","20":"loop-entry"},"_links":{"self":[{"href":"https:\/\/bilshopping.dk\/index.php?rest_route=\/wp\/v2\/product\/3816","targetHints":{"allow":["GET"]}}],"collection":[{"href":"https:\/\/bilshopping.dk\/index.php?rest_route=\/wp\/v2\/product"}],"about":[{"href":"https:\/\/bilshopping.dk\/index.php?rest_route=\/wp\/v2\/types\/product"}],"replies":[{"embeddable":true,"href":"https:\/\/bilshopping.dk\/index.php?rest_route=%2Fwp%2Fv2%2Fcomments&post=3816"}],"wp:featuredmedia":[{"embeddable":true,"href":"https:\/\/bilshopping.dk\/index.php?rest_route=\/wp\/v2\/media\/3817"}],"wp:attachment":[{"href":"https:\/\/bilshopping.dk\/index.php?rest_route=%2Fwp%2Fv2%2Fmedia&parent=3816"}],"wp:term":[{"taxonomy":"product_cat","embeddable":true,"href":"https:\/\/bilshopping.dk\/index.php?rest_route=%2Fwp%2Fv2%2Fproduct_cat&post=3816"},{"taxonomy":"product_tag","embeddable":true,"href":"https:\/\/bilshopping.dk\/index.php?rest_route=%2Fwp%2Fv2%2Fproduct_tag&post=3816"},{"taxonomy":"brand","embeddable":true,"href":"https:\/\/bilshopping.dk\/index.php?rest_route=%2Fwp%2Fv2%2Fbrand&post=3816"}],"curies":[{"name":"wp","href":"https:\/\/api.w.org\/{rel}","templated":true}]}}