{"id":3818,"date":"2023-06-23T18:40:23","date_gmt":"2023-06-23T16:40:23","guid":{"rendered":"https:\/\/bilshopping.dk\/produkt\/adaptiv-navigationsopgradering-til-mercedes-a-klasse-gla-cla-aargang-2017\/"},"modified":"2023-06-23T18:40:44","modified_gmt":"2023-06-23T16:40:44","slug":"adaptiv-navigationsopgradering-til-mercedes-a-klasse-gla-cla-aargang-2017","status":"publish","type":"product","link":"https:\/\/bilshopping.dk\/?product=adaptiv-navigationsopgradering-til-mercedes-a-klasse-gla-cla-aargang-2017","title":{"rendered":"Adaptiv Navigationsopgradering til Mercedes A-klasse, GLA, CLA &#8211; \u00e5rgang 2017"},"content":{"rendered":"<p>Produktid er <strong>536<\/strong> og <strong>4000001012480<\/strong><\/p>\n<h2>Anmeldelse af Adaptiv Navigationsopgradering til Mercedes A-klasse, GLA, CLA &#8211; \u00e5rgang 2017<\/h2>\n<p>Se om vi har en <a href=\"https:\/\/bilshopping.dk\/592\">anmeldelse af Adaptiv Navigationsopgradering til Mercedes A-klasse, GLA, CLA &#8211; \u00e5rgang 2017<\/a>.<\/p>\n","protected":false},"excerpt":{"rendered":"<p>Dette navigationsmodul opgraderer\u00c2\u00a0bilens originale sk\u00e6rm. Med dette modul f\u00e5r du navigation og et multimediecenter.\u00c2\u00a0<br \/>\nMange af funktionerne betjenes via den originale roterende fjernbetjening. Ved navigation\u00c2\u00a0skal medf\u00f8lgende touch pad som passer i kopho, Adaptiv Navigationsopgradering til Mercedes A-klasse, GLA, CLA &#8211; \u00e5rgang 2017.<\/p>\n","protected":false},"featured_media":3819,"comment_status":"closed","ping_status":"open","template":"","meta":{"_kad_post_transparent":"","_kad_post_title":"","_kad_post_layout":"","_kad_post_sidebar_id":"","_kad_post_content_style":"","_kad_post_vertical_padding":"","_kad_post_feature":"","_kad_post_feature_position":"","_kad_post_header":false,"_kad_post_footer":false},"product_cat":[3162,3201,3189],"product_tag":[3164,2988,3202,3190],"brand":[],"class_list":{"0":"post-3818","1":"product","2":"type-product","3":"status-publish","4":"has-post-thumbnail","6":"product_cat-bilstereo","7":"product_cat-mercedes","8":"product_cat-navigation-til-bil","9":"product_tag-bilstereo","10":"product_tag-los","11":"product_tag-mercedes","12":"product_tag-navigation-til-bil","14":"first","15":"instock","16":"sale","17":"product-type-external","18":"entry","19":"content-bg","20":"loop-entry"},"_links":{"self":[{"href":"https:\/\/bilshopping.dk\/index.php?rest_route=\/wp\/v2\/product\/3818","targetHints":{"allow":["GET"]}}],"collection":[{"href":"https:\/\/bilshopping.dk\/index.php?rest_route=\/wp\/v2\/product"}],"about":[{"href":"https:\/\/bilshopping.dk\/index.php?rest_route=\/wp\/v2\/types\/product"}],"replies":[{"embeddable":true,"href":"https:\/\/bilshopping.dk\/index.php?rest_route=%2Fwp%2Fv2%2Fcomments&post=3818"}],"wp:featuredmedia":[{"embeddable":true,"href":"https:\/\/bilshopping.dk\/index.php?rest_route=\/wp\/v2\/media\/3819"}],"wp:attachment":[{"href":"https:\/\/bilshopping.dk\/index.php?rest_route=%2Fwp%2Fv2%2Fmedia&parent=3818"}],"wp:term":[{"taxonomy":"product_cat","embeddable":true,"href":"https:\/\/bilshopping.dk\/index.php?rest_route=%2Fwp%2Fv2%2Fproduct_cat&post=3818"},{"taxonomy":"product_tag","embeddable":true,"href":"https:\/\/bilshopping.dk\/index.php?rest_route=%2Fwp%2Fv2%2Fproduct_tag&post=3818"},{"taxonomy":"brand","embeddable":true,"href":"https:\/\/bilshopping.dk\/index.php?rest_route=%2Fwp%2Fv2%2Fbrand&post=3818"}],"curies":[{"name":"wp","href":"https:\/\/api.w.org\/{rel}","templated":true}]}}