{"id":3977,"date":"2023-06-23T18:43:00","date_gmt":"2023-06-23T16:43:00","guid":{"rendered":"https:\/\/bilshopping.dk\/produkt\/philips-x-treme-vision-paerer-h7-2-stk\/"},"modified":"2023-06-23T18:43:06","modified_gmt":"2023-06-23T16:43:06","slug":"philips-x-treme-vision-paerer-h7-2-stk","status":"publish","type":"product","link":"https:\/\/bilshopping.dk\/?product=philips-x-treme-vision-paerer-h7-2-stk","title":{"rendered":"Philips X-treme Vision p\u00e6rer H7, 2 stk."},"content":{"rendered":"<p>Produktid er <strong>649<\/strong> og <strong><\/strong><\/p>\n<h2>Anmeldelse af Philips X-treme Vision p\u00e6rer H7, 2 stk.<\/h2>\n<p>Se om vi har en <a href=\"https:\/\/bilshopping.dk\/592\">anmeldelse af Philips X-treme Vision p\u00e6rer H7, 2 stk.<\/a>.<\/p>\n","protected":false},"excerpt":{"rendered":"<p>Philips X-treme Vision p\u00e6rer H7, 2 stk. giver op til 130% h\u00f8jere lysstyrke og en overlegen lysstr\u00e5le p\u00e5 op til 130 meter, dvs. 45 meter l\u00e6ngere end normalt.<br \/>\nL\u00e6ngere udsyn, betyder hurtigere reaktion og mere sikker k\u00f8rsel. Best in class-Lifetime: 450 timer, Philips X-treme Vision p\u00e6rer H7, 2 stk..<\/p>\n","protected":false},"featured_media":3978,"comment_status":"closed","ping_status":"open","template":"","meta":{"_kad_post_transparent":"","_kad_post_title":"","_kad_post_layout":"","_kad_post_sidebar_id":"","_kad_post_content_style":"","_kad_post_vertical_padding":"","_kad_post_feature":"","_kad_post_feature_position":"","_kad_post_header":false,"_kad_post_footer":false},"product_cat":[3208,3207],"product_tag":[2988,3210,3209],"brand":[],"class_list":{"0":"post-3977","1":"product","2":"type-product","3":"status-publish","4":"has-post-thumbnail","6":"product_cat-paerer","7":"product_cat-udvendig-tilbehoer","8":"product_tag-los","9":"product_tag-paerer","10":"product_tag-udvendig-tilbehoer","12":"first","13":"instock","14":"product-type-external","15":"entry","16":"content-bg","17":"loop-entry"},"_links":{"self":[{"href":"https:\/\/bilshopping.dk\/index.php?rest_route=\/wp\/v2\/product\/3977","targetHints":{"allow":["GET"]}}],"collection":[{"href":"https:\/\/bilshopping.dk\/index.php?rest_route=\/wp\/v2\/product"}],"about":[{"href":"https:\/\/bilshopping.dk\/index.php?rest_route=\/wp\/v2\/types\/product"}],"replies":[{"embeddable":true,"href":"https:\/\/bilshopping.dk\/index.php?rest_route=%2Fwp%2Fv2%2Fcomments&post=3977"}],"wp:featuredmedia":[{"embeddable":true,"href":"https:\/\/bilshopping.dk\/index.php?rest_route=\/wp\/v2\/media\/3978"}],"wp:attachment":[{"href":"https:\/\/bilshopping.dk\/index.php?rest_route=%2Fwp%2Fv2%2Fmedia&parent=3977"}],"wp:term":[{"taxonomy":"product_cat","embeddable":true,"href":"https:\/\/bilshopping.dk\/index.php?rest_route=%2Fwp%2Fv2%2Fproduct_cat&post=3977"},{"taxonomy":"product_tag","embeddable":true,"href":"https:\/\/bilshopping.dk\/index.php?rest_route=%2Fwp%2Fv2%2Fproduct_tag&post=3977"},{"taxonomy":"brand","embeddable":true,"href":"https:\/\/bilshopping.dk\/index.php?rest_route=%2Fwp%2Fv2%2Fbrand&post=3977"}],"curies":[{"name":"wp","href":"https:\/\/api.w.org\/{rel}","templated":true}]}}