{"id":4094,"date":"2023-06-23T18:44:55","date_gmt":"2023-06-23T16:44:55","guid":{"rendered":"https:\/\/bilshopping.dk\/produkt\/elektronisk-koerebog-worldtrack-gps-obd\/"},"modified":"2023-06-23T18:45:07","modified_gmt":"2023-06-23T16:45:07","slug":"elektronisk-koerebog-worldtrack-gps-obd","status":"publish","type":"product","link":"https:\/\/bilshopping.dk\/?product=elektronisk-koerebog-worldtrack-gps-obd","title":{"rendered":"Elektronisk k\u00f8rebog, WorldTrack GPS, OBD"},"content":{"rendered":"<p>Produktid er <strong>716<\/strong> og <strong><\/strong><\/p>\n<h2>Anmeldelse af Elektronisk k\u00f8rebog, WorldTrack GPS, OBD<\/h2>\n<p>Se om vi har en <a href=\"https:\/\/bilshopping.dk\/592\">anmeldelse af Elektronisk k\u00f8rebog, WorldTrack GPS, OBD<\/a>.<\/p>\n","protected":false},"excerpt":{"rendered":"<p>Elektronisk k\u00f8rebog, WorldTrack GPS, OBD\u00c2\u00a0WorldTrack WT-200 er en\u00c2\u00a0GPS-tracker med OBD-stik og indbygget antenne. Holder styr p\u00e5 virksomhedens samlede k\u00f8rsel, s\u00e5 b\u00e5de virksomhed og medarbejdere undg\u00e5r et skattesm\u00e6k.Al k\u00f8rsel dokumenteres via GPS, og data, Elektronisk k\u00f8rebog, WorldTrack GPS, OBD.<\/p>\n","protected":false},"featured_media":4095,"comment_status":"closed","ping_status":"open","template":"","meta":{"_kad_post_transparent":"","_kad_post_title":"","_kad_post_layout":"","_kad_post_sidebar_id":"","_kad_post_content_style":"","_kad_post_vertical_padding":"","_kad_post_feature":"","_kad_post_feature_position":"","_kad_post_header":false,"_kad_post_footer":false},"product_cat":[3212,3211],"product_tag":[3214,3213,2988],"brand":[],"class_list":{"0":"post-4094","1":"product","2":"type-product","3":"status-publish","4":"has-post-thumbnail","6":"product_cat-elektronisk-koerebog","7":"product_cat-indvendig-tilbehoer","8":"product_tag-elektronisk-koerebog","9":"product_tag-indvendig-tilbehoer","10":"product_tag-los","12":"first","13":"instock","14":"sale","15":"product-type-external","16":"entry","17":"content-bg","18":"loop-entry"},"_links":{"self":[{"href":"https:\/\/bilshopping.dk\/index.php?rest_route=\/wp\/v2\/product\/4094","targetHints":{"allow":["GET"]}}],"collection":[{"href":"https:\/\/bilshopping.dk\/index.php?rest_route=\/wp\/v2\/product"}],"about":[{"href":"https:\/\/bilshopping.dk\/index.php?rest_route=\/wp\/v2\/types\/product"}],"replies":[{"embeddable":true,"href":"https:\/\/bilshopping.dk\/index.php?rest_route=%2Fwp%2Fv2%2Fcomments&post=4094"}],"wp:featuredmedia":[{"embeddable":true,"href":"https:\/\/bilshopping.dk\/index.php?rest_route=\/wp\/v2\/media\/4095"}],"wp:attachment":[{"href":"https:\/\/bilshopping.dk\/index.php?rest_route=%2Fwp%2Fv2%2Fmedia&parent=4094"}],"wp:term":[{"taxonomy":"product_cat","embeddable":true,"href":"https:\/\/bilshopping.dk\/index.php?rest_route=%2Fwp%2Fv2%2Fproduct_cat&post=4094"},{"taxonomy":"product_tag","embeddable":true,"href":"https:\/\/bilshopping.dk\/index.php?rest_route=%2Fwp%2Fv2%2Fproduct_tag&post=4094"},{"taxonomy":"brand","embeddable":true,"href":"https:\/\/bilshopping.dk\/index.php?rest_route=%2Fwp%2Fv2%2Fbrand&post=4094"}],"curies":[{"name":"wp","href":"https:\/\/api.w.org\/{rel}","templated":true}]}}