{"id":4102,"date":"2023-06-23T18:44:55","date_gmt":"2023-06-23T16:44:55","guid":{"rendered":"https:\/\/bilshopping.dk\/produkt\/parkone-2-carbon-black\/"},"modified":"2023-06-23T18:45:15","modified_gmt":"2023-06-23T16:45:15","slug":"parkone-2-carbon-black","status":"publish","type":"product","link":"https:\/\/bilshopping.dk\/?product=parkone-2-carbon-black","title":{"rendered":"ParkOne 2 Carbon Black"},"content":{"rendered":"<p>Produktid er <strong>723<\/strong> og <strong>5711157040157<\/strong><\/p>\n<h2>Anmeldelse af ParkOne 2 Carbon Black<\/h2>\n<p>Se om vi har en <a href=\"https:\/\/bilshopping.dk\/592\">anmeldelse af ParkOne 2 Carbon Black<\/a>.<\/p>\n","protected":false},"excerpt":{"rendered":"<p>Parkeringsuret ParkOne 2 Carbon Black er en elektronisk, ledningsfri p-skive, der stiller tiden automatisk, n\u00e5r du parkerer. Den elegante p-skive\u00c2\u00a0er nem at afl\u00e6se b\u00e5de ude- og indefra og er enkel at betjene. Batteriet, der har en levetid p\u00e5 ca. 3 \u00e5r, er, ParkOne 2 Carbon Black.<\/p>\n","protected":false},"featured_media":4103,"comment_status":"closed","ping_status":"open","template":"","meta":{"_kad_post_transparent":"","_kad_post_title":"","_kad_post_layout":"","_kad_post_sidebar_id":"","_kad_post_content_style":"","_kad_post_vertical_padding":"","_kad_post_feature":"","_kad_post_feature_position":"","_kad_post_header":false,"_kad_post_footer":false},"product_cat":[3211,3215],"product_tag":[3213,2988,3216],"brand":[],"class_list":{"0":"post-4102","1":"product","2":"type-product","3":"status-publish","4":"has-post-thumbnail","6":"product_cat-indvendig-tilbehoer","7":"product_cat-parkeringsure","8":"product_tag-indvendig-tilbehoer","9":"product_tag-los","10":"product_tag-parkeringsure","12":"first","13":"instock","14":"product-type-external","15":"entry","16":"content-bg","17":"loop-entry"},"_links":{"self":[{"href":"https:\/\/bilshopping.dk\/index.php?rest_route=\/wp\/v2\/product\/4102","targetHints":{"allow":["GET"]}}],"collection":[{"href":"https:\/\/bilshopping.dk\/index.php?rest_route=\/wp\/v2\/product"}],"about":[{"href":"https:\/\/bilshopping.dk\/index.php?rest_route=\/wp\/v2\/types\/product"}],"replies":[{"embeddable":true,"href":"https:\/\/bilshopping.dk\/index.php?rest_route=%2Fwp%2Fv2%2Fcomments&post=4102"}],"wp:featuredmedia":[{"embeddable":true,"href":"https:\/\/bilshopping.dk\/index.php?rest_route=\/wp\/v2\/media\/4103"}],"wp:attachment":[{"href":"https:\/\/bilshopping.dk\/index.php?rest_route=%2Fwp%2Fv2%2Fmedia&parent=4102"}],"wp:term":[{"taxonomy":"product_cat","embeddable":true,"href":"https:\/\/bilshopping.dk\/index.php?rest_route=%2Fwp%2Fv2%2Fproduct_cat&post=4102"},{"taxonomy":"product_tag","embeddable":true,"href":"https:\/\/bilshopping.dk\/index.php?rest_route=%2Fwp%2Fv2%2Fproduct_tag&post=4102"},{"taxonomy":"brand","embeddable":true,"href":"https:\/\/bilshopping.dk\/index.php?rest_route=%2Fwp%2Fv2%2Fbrand&post=4102"}],"curies":[{"name":"wp","href":"https:\/\/api.w.org\/{rel}","templated":true}]}}