{"id":4108,"date":"2023-06-23T18:44:55","date_gmt":"2023-06-23T16:44:55","guid":{"rendered":"https:\/\/bilshopping.dk\/produkt\/parklife-carbon-black\/"},"modified":"2023-06-23T18:45:23","modified_gmt":"2023-06-23T16:45:23","slug":"parklife-carbon-black","status":"publish","type":"product","link":"https:\/\/bilshopping.dk\/?product=parklife-carbon-black","title":{"rendered":"ParkLife Carbon Black"},"content":{"rendered":"<p>Produktid er <strong>727<\/strong> og <strong>5711157060117<\/strong><\/p>\n<h2>Anmeldelse af ParkLife Carbon Black<\/h2>\n<p>Se om vi har en <a href=\"https:\/\/bilshopping.dk\/592\">anmeldelse af ParkLife Carbon Black<\/a>.<\/p>\n","protected":false},"excerpt":{"rendered":"<p>Den elektroniske P-skive du aldrig skal skifte batteri p\u00e5!Park Life er en elektronisk P-skive til den kr\u00e6sne og kvalitetsbevidste bilist. Den er s\u00e6rligt udviklet med str\u00f8mbesparende komponenter, som g\u00f8r, den holder str\u00f8m i hele produktets levetid.Det bety, ParkLife Carbon Black.<\/p>\n","protected":false},"featured_media":4109,"comment_status":"closed","ping_status":"open","template":"","meta":{"_kad_post_transparent":"","_kad_post_title":"","_kad_post_layout":"","_kad_post_sidebar_id":"","_kad_post_content_style":"","_kad_post_vertical_padding":"","_kad_post_feature":"","_kad_post_feature_position":"","_kad_post_header":false,"_kad_post_footer":false},"product_cat":[3211,3215],"product_tag":[3213,2988,3216],"brand":[],"class_list":{"0":"post-4108","1":"product","2":"type-product","3":"status-publish","4":"has-post-thumbnail","6":"product_cat-indvendig-tilbehoer","7":"product_cat-parkeringsure","8":"product_tag-indvendig-tilbehoer","9":"product_tag-los","10":"product_tag-parkeringsure","12":"first","13":"instock","14":"sale","15":"product-type-external","16":"entry","17":"content-bg","18":"loop-entry"},"_links":{"self":[{"href":"https:\/\/bilshopping.dk\/index.php?rest_route=\/wp\/v2\/product\/4108","targetHints":{"allow":["GET"]}}],"collection":[{"href":"https:\/\/bilshopping.dk\/index.php?rest_route=\/wp\/v2\/product"}],"about":[{"href":"https:\/\/bilshopping.dk\/index.php?rest_route=\/wp\/v2\/types\/product"}],"replies":[{"embeddable":true,"href":"https:\/\/bilshopping.dk\/index.php?rest_route=%2Fwp%2Fv2%2Fcomments&post=4108"}],"wp:featuredmedia":[{"embeddable":true,"href":"https:\/\/bilshopping.dk\/index.php?rest_route=\/wp\/v2\/media\/4109"}],"wp:attachment":[{"href":"https:\/\/bilshopping.dk\/index.php?rest_route=%2Fwp%2Fv2%2Fmedia&parent=4108"}],"wp:term":[{"taxonomy":"product_cat","embeddable":true,"href":"https:\/\/bilshopping.dk\/index.php?rest_route=%2Fwp%2Fv2%2Fproduct_cat&post=4108"},{"taxonomy":"product_tag","embeddable":true,"href":"https:\/\/bilshopping.dk\/index.php?rest_route=%2Fwp%2Fv2%2Fproduct_tag&post=4108"},{"taxonomy":"brand","embeddable":true,"href":"https:\/\/bilshopping.dk\/index.php?rest_route=%2Fwp%2Fv2%2Fbrand&post=4108"}],"curies":[{"name":"wp","href":"https:\/\/api.w.org\/{rel}","templated":true}]}}