{"id":4120,"date":"2023-06-23T18:44:55","date_gmt":"2023-06-23T16:44:55","guid":{"rendered":"https:\/\/bilshopping.dk\/produkt\/klaebepude-parkone-metal-soelv\/"},"modified":"2023-06-23T18:45:34","modified_gmt":"2023-06-23T16:45:34","slug":"klaebepude-parkone-metal-soelv","status":"publish","type":"product","link":"https:\/\/bilshopping.dk\/?product=klaebepude-parkone-metal-soelv","title":{"rendered":"Kl\u00e6bepude ParkOne, metal\/s\u00f8lv"},"content":{"rendered":"<p>Produktid er <strong>736<\/strong> og <strong>5709255054244<\/strong><\/p>\n<h2>Anmeldelse af Kl\u00e6bepude ParkOne, metal\/s\u00f8lv<\/h2>\n<p>Se om vi har en <a href=\"https:\/\/bilshopping.dk\/592\">anmeldelse af Kl\u00e6bepude ParkOne, metal\/s\u00f8lv<\/a>.<\/p>\n","protected":false},"excerpt":{"rendered":"<p>Selvkl\u00e6bende pude til ParkOne parkeringsur FS05, metal\/s\u00f8lv. Inkl. v\u00e5dserviet til reng\u00f8ring af ruden., Kl\u00e6bepude ParkOne, metal\/s\u00f8lv.<\/p>\n","protected":false},"featured_media":4121,"comment_status":"closed","ping_status":"open","template":"","meta":{"_kad_post_transparent":"","_kad_post_title":"","_kad_post_layout":"","_kad_post_sidebar_id":"","_kad_post_content_style":"","_kad_post_vertical_padding":"","_kad_post_feature":"","_kad_post_feature_position":"","_kad_post_header":false,"_kad_post_footer":false},"product_cat":[3211,3215],"product_tag":[3213,2988,3216],"brand":[],"class_list":{"0":"post-4120","1":"product","2":"type-product","3":"status-publish","4":"has-post-thumbnail","6":"product_cat-indvendig-tilbehoer","7":"product_cat-parkeringsure","8":"product_tag-indvendig-tilbehoer","9":"product_tag-los","10":"product_tag-parkeringsure","12":"first","13":"instock","14":"product-type-external","15":"entry","16":"content-bg","17":"loop-entry"},"_links":{"self":[{"href":"https:\/\/bilshopping.dk\/index.php?rest_route=\/wp\/v2\/product\/4120","targetHints":{"allow":["GET"]}}],"collection":[{"href":"https:\/\/bilshopping.dk\/index.php?rest_route=\/wp\/v2\/product"}],"about":[{"href":"https:\/\/bilshopping.dk\/index.php?rest_route=\/wp\/v2\/types\/product"}],"replies":[{"embeddable":true,"href":"https:\/\/bilshopping.dk\/index.php?rest_route=%2Fwp%2Fv2%2Fcomments&post=4120"}],"wp:featuredmedia":[{"embeddable":true,"href":"https:\/\/bilshopping.dk\/index.php?rest_route=\/wp\/v2\/media\/4121"}],"wp:attachment":[{"href":"https:\/\/bilshopping.dk\/index.php?rest_route=%2Fwp%2Fv2%2Fmedia&parent=4120"}],"wp:term":[{"taxonomy":"product_cat","embeddable":true,"href":"https:\/\/bilshopping.dk\/index.php?rest_route=%2Fwp%2Fv2%2Fproduct_cat&post=4120"},{"taxonomy":"product_tag","embeddable":true,"href":"https:\/\/bilshopping.dk\/index.php?rest_route=%2Fwp%2Fv2%2Fproduct_tag&post=4120"},{"taxonomy":"brand","embeddable":true,"href":"https:\/\/bilshopping.dk\/index.php?rest_route=%2Fwp%2Fv2%2Fbrand&post=4120"}],"curies":[{"name":"wp","href":"https:\/\/api.w.org\/{rel}","templated":true}]}}