{"id":4144,"date":"2023-06-23T18:45:39","date_gmt":"2023-06-23T16:45:39","guid":{"rendered":"https:\/\/bilshopping.dk\/produkt\/welldon-encore-1-2-3-autostol\/"},"modified":"2023-06-23T18:45:45","modified_gmt":"2023-06-23T16:45:45","slug":"welldon-encore-1-2-3-autostol","status":"publish","type":"product","link":"https:\/\/bilshopping.dk\/?product=welldon-encore-1-2-3-autostol","title":{"rendered":"WELLDON ENCORE 1\/2\/3 AUTOSTOL"},"content":{"rendered":"<p>Produktid er <strong>753<\/strong> og <strong>5709255058495<\/strong><\/p>\n<h2>Anmeldelse af WELLDON ENCORE 1\/2\/3 AUTOSTOL<\/h2>\n<p>Se om vi har en <a href=\"https:\/\/bilshopping.dk\/592\">anmeldelse af WELLDON ENCORE 1\/2\/3 AUTOSTOL<\/a>.<\/p>\n","protected":false},"excerpt":{"rendered":"<p>WELLDON ENCORE 1\/2\/3 Autostol &#8211; Nu er det kun n\u00f8dvendigt at anskaffe \u00e9n stol, helt fra barnet er 1-12 \u00e5r! Welldon Encore kan anvendes til grupperne 1+2+3 (9-36 kg.\/Ca. 1 &#8211; 12 \u00e5r)., WELLDON ENCORE 1\/2\/3 AUTOSTOL.<\/p>\n","protected":false},"featured_media":4145,"comment_status":"closed","ping_status":"open","template":"","meta":{"_kad_post_transparent":"","_kad_post_title":"","_kad_post_layout":"","_kad_post_sidebar_id":"","_kad_post_content_style":"","_kad_post_vertical_padding":"","_kad_post_feature":"","_kad_post_feature_position":"","_kad_post_header":false,"_kad_post_footer":false},"product_cat":[3221,3211],"product_tag":[3222,3213,2988],"brand":[],"class_list":{"0":"post-4144","1":"product","2":"type-product","3":"status-publish","4":"has-post-thumbnail","6":"product_cat-autostole","7":"product_cat-indvendig-tilbehoer","8":"product_tag-autostole","9":"product_tag-indvendig-tilbehoer","10":"product_tag-los","12":"first","13":"instock","14":"product-type-external","15":"entry","16":"content-bg","17":"loop-entry"},"_links":{"self":[{"href":"https:\/\/bilshopping.dk\/index.php?rest_route=\/wp\/v2\/product\/4144","targetHints":{"allow":["GET"]}}],"collection":[{"href":"https:\/\/bilshopping.dk\/index.php?rest_route=\/wp\/v2\/product"}],"about":[{"href":"https:\/\/bilshopping.dk\/index.php?rest_route=\/wp\/v2\/types\/product"}],"replies":[{"embeddable":true,"href":"https:\/\/bilshopping.dk\/index.php?rest_route=%2Fwp%2Fv2%2Fcomments&post=4144"}],"wp:featuredmedia":[{"embeddable":true,"href":"https:\/\/bilshopping.dk\/index.php?rest_route=\/wp\/v2\/media\/4145"}],"wp:attachment":[{"href":"https:\/\/bilshopping.dk\/index.php?rest_route=%2Fwp%2Fv2%2Fmedia&parent=4144"}],"wp:term":[{"taxonomy":"product_cat","embeddable":true,"href":"https:\/\/bilshopping.dk\/index.php?rest_route=%2Fwp%2Fv2%2Fproduct_cat&post=4144"},{"taxonomy":"product_tag","embeddable":true,"href":"https:\/\/bilshopping.dk\/index.php?rest_route=%2Fwp%2Fv2%2Fproduct_tag&post=4144"},{"taxonomy":"brand","embeddable":true,"href":"https:\/\/bilshopping.dk\/index.php?rest_route=%2Fwp%2Fv2%2Fbrand&post=4144"}],"curies":[{"name":"wp","href":"https:\/\/api.w.org\/{rel}","templated":true}]}}