{"id":4237,"date":"2023-06-23T18:46:22","date_gmt":"2023-06-23T16:46:22","guid":{"rendered":"https:\/\/bilshopping.dk\/produkt\/thule-lastrampe-til-velospace-917-918-xt\/"},"modified":"2023-06-23T18:46:22","modified_gmt":"2023-06-23T16:46:22","slug":"thule-lastrampe-til-velospace-917-918-xt","status":"publish","type":"product","link":"https:\/\/bilshopping.dk\/?product=thule-lastrampe-til-velospace-917-918-xt","title":{"rendered":"Thule lastrampe til Velospace 917\/918 XT"},"content":{"rendered":"<p>Produktid er <strong>856<\/strong> og <strong>7313020073088<\/strong><\/p>\n<h2>Anmeldelse af Thule lastrampe til Velospace 917\/918 XT<\/h2>\n<p>Se om vi har en <a href=\"https:\/\/bilshopping.dk\/592\">anmeldelse af Thule lastrampe til Velospace 917\/918 XT<\/a>.<\/p>\n","protected":false},"excerpt":{"rendered":"<p>Med Thule lastrampe til Velospace 917\/918 XT kan du tr\u00e6kke cyklen op p\u00e5 cykelholderen og undg\u00e5r dermed at skulle bruge kr\u00e6fter p\u00e5 at l\u00f8fte cyklen.<br \/>\nThule l\u00e6sseramper anvendes is\u00e6r ved brug af E-cykler.<br \/>\n\u00c2\u00a0<br \/>\n\u00c2\u00a0, Thule lastrampe til Velospace 917\/918 XT.<\/p>\n","protected":false},"featured_media":4238,"comment_status":"closed","ping_status":"open","template":"","meta":{"_kad_post_transparent":"","_kad_post_title":"","_kad_post_layout":"","_kad_post_sidebar_id":"","_kad_post_content_style":"","_kad_post_vertical_padding":"","_kad_post_feature":"","_kad_post_feature_position":"","_kad_post_header":false,"_kad_post_footer":false},"product_cat":[3185,3184],"product_tag":[3187,2988,3186],"brand":[],"class_list":{"0":"post-4237","1":"product","2":"type-product","3":"status-publish","4":"has-post-thumbnail","6":"product_cat-cykelholder","7":"product_cat-transportudstyr","8":"product_tag-cykelholder","9":"product_tag-los","10":"product_tag-transportudstyr","12":"first","13":"instock","14":"product-type-external","15":"entry","16":"content-bg","17":"loop-entry"},"_links":{"self":[{"href":"https:\/\/bilshopping.dk\/index.php?rest_route=\/wp\/v2\/product\/4237","targetHints":{"allow":["GET"]}}],"collection":[{"href":"https:\/\/bilshopping.dk\/index.php?rest_route=\/wp\/v2\/product"}],"about":[{"href":"https:\/\/bilshopping.dk\/index.php?rest_route=\/wp\/v2\/types\/product"}],"replies":[{"embeddable":true,"href":"https:\/\/bilshopping.dk\/index.php?rest_route=%2Fwp%2Fv2%2Fcomments&post=4237"}],"wp:featuredmedia":[{"embeddable":true,"href":"https:\/\/bilshopping.dk\/index.php?rest_route=\/wp\/v2\/media\/4238"}],"wp:attachment":[{"href":"https:\/\/bilshopping.dk\/index.php?rest_route=%2Fwp%2Fv2%2Fmedia&parent=4237"}],"wp:term":[{"taxonomy":"product_cat","embeddable":true,"href":"https:\/\/bilshopping.dk\/index.php?rest_route=%2Fwp%2Fv2%2Fproduct_cat&post=4237"},{"taxonomy":"product_tag","embeddable":true,"href":"https:\/\/bilshopping.dk\/index.php?rest_route=%2Fwp%2Fv2%2Fproduct_tag&post=4237"},{"taxonomy":"brand","embeddable":true,"href":"https:\/\/bilshopping.dk\/index.php?rest_route=%2Fwp%2Fv2%2Fbrand&post=4237"}],"curies":[{"name":"wp","href":"https:\/\/api.w.org\/{rel}","templated":true}]}}