{"id":4247,"date":"2023-06-23T18:46:22","date_gmt":"2023-06-23T16:46:22","guid":{"rendered":"https:\/\/bilshopping.dk\/produkt\/thule-526-laasesaet-2-laase\/"},"modified":"2023-06-23T18:46:25","modified_gmt":"2023-06-23T16:46:25","slug":"thule-526-laasesaet-2-laase","status":"publish","type":"product","link":"https:\/\/bilshopping.dk\/?product=thule-526-laasesaet-2-laase","title":{"rendered":"Thule 526 L\u00e5ses\u00e6t (2 l\u00e5se)"},"content":{"rendered":"<p>Produktid er <strong>861<\/strong> og <strong>7313020073798<\/strong><\/p>\n<h2>Anmeldelse af Thule 526 L\u00e5ses\u00e6t (2 l\u00e5se)<\/h2>\n<p>Se om vi har en <a href=\"https:\/\/bilshopping.dk\/592\">anmeldelse af Thule 526 L\u00e5ses\u00e6t (2 l\u00e5se)<\/a>.<\/p>\n","protected":false},"excerpt":{"rendered":"<p>Tilbeh\u00f8r til anh\u00e6ngertr\u00e6kmonterede cykelholdere. L\u00e5s stelholderen fast med et Thule 526 l\u00e5ses\u00e6t.<br \/>\n\u00c2\u00a0, Thule 526 L\u00e5ses\u00e6t (2 l\u00e5se).<\/p>\n","protected":false},"featured_media":4248,"comment_status":"closed","ping_status":"open","template":"","meta":{"_kad_post_transparent":"","_kad_post_title":"","_kad_post_layout":"","_kad_post_sidebar_id":"","_kad_post_content_style":"","_kad_post_vertical_padding":"","_kad_post_feature":"","_kad_post_feature_position":"","_kad_post_header":false,"_kad_post_footer":false},"product_cat":[3185,3184],"product_tag":[3187,2988,3186],"brand":[],"class_list":{"0":"post-4247","1":"product","2":"type-product","3":"status-publish","4":"has-post-thumbnail","6":"product_cat-cykelholder","7":"product_cat-transportudstyr","8":"product_tag-cykelholder","9":"product_tag-los","10":"product_tag-transportudstyr","12":"first","13":"instock","14":"product-type-external","15":"entry","16":"content-bg","17":"loop-entry"},"_links":{"self":[{"href":"https:\/\/bilshopping.dk\/index.php?rest_route=\/wp\/v2\/product\/4247","targetHints":{"allow":["GET"]}}],"collection":[{"href":"https:\/\/bilshopping.dk\/index.php?rest_route=\/wp\/v2\/product"}],"about":[{"href":"https:\/\/bilshopping.dk\/index.php?rest_route=\/wp\/v2\/types\/product"}],"replies":[{"embeddable":true,"href":"https:\/\/bilshopping.dk\/index.php?rest_route=%2Fwp%2Fv2%2Fcomments&post=4247"}],"wp:featuredmedia":[{"embeddable":true,"href":"https:\/\/bilshopping.dk\/index.php?rest_route=\/wp\/v2\/media\/4248"}],"wp:attachment":[{"href":"https:\/\/bilshopping.dk\/index.php?rest_route=%2Fwp%2Fv2%2Fmedia&parent=4247"}],"wp:term":[{"taxonomy":"product_cat","embeddable":true,"href":"https:\/\/bilshopping.dk\/index.php?rest_route=%2Fwp%2Fv2%2Fproduct_cat&post=4247"},{"taxonomy":"product_tag","embeddable":true,"href":"https:\/\/bilshopping.dk\/index.php?rest_route=%2Fwp%2Fv2%2Fproduct_tag&post=4247"},{"taxonomy":"brand","embeddable":true,"href":"https:\/\/bilshopping.dk\/index.php?rest_route=%2Fwp%2Fv2%2Fbrand&post=4247"}],"curies":[{"name":"wp","href":"https:\/\/api.w.org\/{rel}","templated":true}]}}