{"id":4260,"date":"2023-06-23T18:46:22","date_gmt":"2023-06-23T16:46:22","guid":{"rendered":"https:\/\/bilshopping.dk\/produkt\/autoglym-faelgforsegling-wheel-protector-300-ml\/"},"modified":"2023-06-23T18:46:29","modified_gmt":"2023-06-23T16:46:29","slug":"autoglym-faelgforsegling-wheel-protector-300-ml","status":"publish","type":"product","link":"https:\/\/bilshopping.dk\/?product=autoglym-faelgforsegling-wheel-protector-300-ml","title":{"rendered":"Autoglym F\u00e6lgforsegling &#8211; Wheel Protector 300 ml."},"content":{"rendered":"<p>Produktid er <strong>868<\/strong> og <strong>5016366004601<\/strong><\/p>\n<h2>Anmeldelse af Autoglym F\u00e6lgforsegling &#8211; Wheel Protector 300 ml.<\/h2>\n<p>Se om vi har en <a href=\"https:\/\/bilshopping.dk\/592\">anmeldelse af Autoglym F\u00e6lgforsegling &#8211; Wheel Protector 300 ml.<\/a>.<\/p>\n","protected":false},"excerpt":{"rendered":"<p>Autoglym F\u00e6lgforsegling &#8211; Wheel Protector 300 ml.\u00c2\u00a0letter reng\u00f8ringen og beskytter mod bremsest\u00f8v og fastbr\u00e6ndte partikler.<br \/>\n\u00c2\u00a0, Autoglym F\u00e6lgforsegling &#8211; Wheel Protector 300 ml..<\/p>\n","protected":false},"featured_media":4261,"comment_status":"closed","ping_status":"open","template":"","meta":{"_kad_post_transparent":"","_kad_post_title":"","_kad_post_layout":"","_kad_post_sidebar_id":"","_kad_post_content_style":"","_kad_post_vertical_padding":"","_kad_post_feature":"","_kad_post_feature_position":"","_kad_post_header":false,"_kad_post_footer":false},"product_cat":[3145,3158],"product_tag":[3147,3159,2988],"brand":[],"class_list":{"0":"post-4260","1":"product","2":"type-product","3":"status-publish","4":"has-post-thumbnail","6":"product_cat-bilpleje","7":"product_cat-daek-faelg-pleje","8":"product_tag-bilpleje","9":"product_tag-daek-faelg-pleje","10":"product_tag-los","12":"first","13":"instock","14":"sale","15":"product-type-external","16":"entry","17":"content-bg","18":"loop-entry"},"_links":{"self":[{"href":"https:\/\/bilshopping.dk\/index.php?rest_route=\/wp\/v2\/product\/4260","targetHints":{"allow":["GET"]}}],"collection":[{"href":"https:\/\/bilshopping.dk\/index.php?rest_route=\/wp\/v2\/product"}],"about":[{"href":"https:\/\/bilshopping.dk\/index.php?rest_route=\/wp\/v2\/types\/product"}],"replies":[{"embeddable":true,"href":"https:\/\/bilshopping.dk\/index.php?rest_route=%2Fwp%2Fv2%2Fcomments&post=4260"}],"wp:featuredmedia":[{"embeddable":true,"href":"https:\/\/bilshopping.dk\/index.php?rest_route=\/wp\/v2\/media\/4261"}],"wp:attachment":[{"href":"https:\/\/bilshopping.dk\/index.php?rest_route=%2Fwp%2Fv2%2Fmedia&parent=4260"}],"wp:term":[{"taxonomy":"product_cat","embeddable":true,"href":"https:\/\/bilshopping.dk\/index.php?rest_route=%2Fwp%2Fv2%2Fproduct_cat&post=4260"},{"taxonomy":"product_tag","embeddable":true,"href":"https:\/\/bilshopping.dk\/index.php?rest_route=%2Fwp%2Fv2%2Fproduct_tag&post=4260"},{"taxonomy":"brand","embeddable":true,"href":"https:\/\/bilshopping.dk\/index.php?rest_route=%2Fwp%2Fv2%2Fbrand&post=4260"}],"curies":[{"name":"wp","href":"https:\/\/api.w.org\/{rel}","templated":true}]}}