{"id":4268,"date":"2023-06-23T18:46:22","date_gmt":"2023-06-23T16:46:22","guid":{"rendered":"https:\/\/bilshopping.dk\/produkt\/autoglym-lakrens-mod-flyverust-magma-500-ml\/"},"modified":"2023-06-23T18:46:32","modified_gmt":"2023-06-23T16:46:32","slug":"autoglym-lakrens-mod-flyverust-magma-500-ml","status":"publish","type":"product","link":"https:\/\/bilshopping.dk\/?product=autoglym-lakrens-mod-flyverust-magma-500-ml","title":{"rendered":"Autoglym Lakrens mod flyverust &#8211; Magma 500 ml."},"content":{"rendered":"<p>Produktid er <strong>872<\/strong> og <strong>5016366006131<\/strong><\/p>\n<h2>Anmeldelse af Autoglym Lakrens mod flyverust &#8211; Magma 500 ml.<\/h2>\n<p>Se om vi har en <a href=\"https:\/\/bilshopping.dk\/592\">anmeldelse af Autoglym Lakrens mod flyverust &#8211; Magma 500 ml.<\/a>.<\/p>\n","protected":false},"excerpt":{"rendered":"<p>Autoglym Lakrens mod flyverust &#8211; Magma 500 ml.\u00c2\u00a0&#8211; Dit k\u00f8ret\u00f8j er under konstant angreb fra forurenende stoffer i luften. Mange af disse stoffer, er sm\u00e5 jernpartikler, som fremst\u00e5r som sm\u00e5 brune eller orange pletter i lakken, og som bremsest\u00f8v p\u00e5 hjul. Dis, Autoglym Lakrens mod flyverust &#8211; Magma 500 ml..<\/p>\n","protected":false},"featured_media":4269,"comment_status":"closed","ping_status":"open","template":"","meta":{"_kad_post_transparent":"","_kad_post_title":"","_kad_post_layout":"","_kad_post_sidebar_id":"","_kad_post_content_style":"","_kad_post_vertical_padding":"","_kad_post_feature":"","_kad_post_feature_position":"","_kad_post_header":false,"_kad_post_footer":false},"product_cat":[3145,3150],"product_tag":[3147,3151,2988],"brand":[],"class_list":{"0":"post-4268","1":"product","2":"type-product","3":"status-publish","4":"has-post-thumbnail","6":"product_cat-bilpleje","7":"product_cat-lakpleje","8":"product_tag-bilpleje","9":"product_tag-lakpleje","10":"product_tag-los","12":"first","13":"instock","14":"sale","15":"product-type-external","16":"entry","17":"content-bg","18":"loop-entry"},"_links":{"self":[{"href":"https:\/\/bilshopping.dk\/index.php?rest_route=\/wp\/v2\/product\/4268","targetHints":{"allow":["GET"]}}],"collection":[{"href":"https:\/\/bilshopping.dk\/index.php?rest_route=\/wp\/v2\/product"}],"about":[{"href":"https:\/\/bilshopping.dk\/index.php?rest_route=\/wp\/v2\/types\/product"}],"replies":[{"embeddable":true,"href":"https:\/\/bilshopping.dk\/index.php?rest_route=%2Fwp%2Fv2%2Fcomments&post=4268"}],"wp:featuredmedia":[{"embeddable":true,"href":"https:\/\/bilshopping.dk\/index.php?rest_route=\/wp\/v2\/media\/4269"}],"wp:attachment":[{"href":"https:\/\/bilshopping.dk\/index.php?rest_route=%2Fwp%2Fv2%2Fmedia&parent=4268"}],"wp:term":[{"taxonomy":"product_cat","embeddable":true,"href":"https:\/\/bilshopping.dk\/index.php?rest_route=%2Fwp%2Fv2%2Fproduct_cat&post=4268"},{"taxonomy":"product_tag","embeddable":true,"href":"https:\/\/bilshopping.dk\/index.php?rest_route=%2Fwp%2Fv2%2Fproduct_tag&post=4268"},{"taxonomy":"brand","embeddable":true,"href":"https:\/\/bilshopping.dk\/index.php?rest_route=%2Fwp%2Fv2%2Fbrand&post=4268"}],"curies":[{"name":"wp","href":"https:\/\/api.w.org\/{rel}","templated":true}]}}