{"id":4278,"date":"2023-06-23T18:46:58","date_gmt":"2023-06-23T16:46:58","guid":{"rendered":"https:\/\/bilshopping.dk\/produkt\/autoglym-rengoering-til-campingvogne-caravan-motorhome-cleaner-1-ltr\/"},"modified":"2023-06-23T18:46:59","modified_gmt":"2023-06-23T16:46:59","slug":"autoglym-rengoering-til-campingvogne-caravan-motorhome-cleaner-1-ltr","status":"publish","type":"product","link":"https:\/\/bilshopping.dk\/?product=autoglym-rengoering-til-campingvogne-caravan-motorhome-cleaner-1-ltr","title":{"rendered":"Autoglym Reng\u00f8ring til Campingvogne &#8211; Caravan &#038; Motorhome Cleaner 1 ltr."},"content":{"rendered":"<p>Produktid er <strong>877<\/strong> og <strong>5016366007275<\/strong><\/p>\n<h2>Anmeldelse af Autoglym Reng\u00f8ring til Campingvogne &#8211; Caravan &#038; Motorhome Cleaner 1 ltr.<\/h2>\n<p>Se om vi har en <a href=\"https:\/\/bilshopping.dk\/592\">anmeldelse af Autoglym Reng\u00f8ring til Campingvogne &#8211; Caravan &#038; Motorhome Cleaner 1 ltr.<\/a>.<\/p>\n","protected":false},"excerpt":{"rendered":"<p>Autoglym Reng\u00f8ring til Campingvogne &#8211; Caravan &#038; Motorhome Cleaner 1 ltr.\u00c2\u00a0Koncentreret alsidigt reng\u00f8ringsmiddel, designet til en hurtig og \u00f8konomisk vedligeholdelse af fritidsk\u00f8ret\u00f8jer. Specielt effektiv mod alger og sorte striber., Autoglym Reng\u00f8ring til Campingvogne &#8211; Caravan &#038; Motorhome Cleaner 1 ltr..<\/p>\n","protected":false},"featured_media":4279,"comment_status":"closed","ping_status":"open","template":"","meta":{"_kad_post_transparent":"","_kad_post_title":"","_kad_post_layout":"","_kad_post_sidebar_id":"","_kad_post_content_style":"","_kad_post_vertical_padding":"","_kad_post_feature":"","_kad_post_feature_position":"","_kad_post_header":false,"_kad_post_footer":false},"product_cat":[3145,3146],"product_tag":[3147,2988,3148],"brand":[],"class_list":{"0":"post-4278","1":"product","2":"type-product","3":"status-publish","4":"has-post-thumbnail","6":"product_cat-bilpleje","7":"product_cat-vaskeprodukter","8":"product_tag-bilpleje","9":"product_tag-los","10":"product_tag-vaskeprodukter","12":"first","13":"instock","14":"sale","15":"product-type-external","16":"entry","17":"content-bg","18":"loop-entry"},"_links":{"self":[{"href":"https:\/\/bilshopping.dk\/index.php?rest_route=\/wp\/v2\/product\/4278","targetHints":{"allow":["GET"]}}],"collection":[{"href":"https:\/\/bilshopping.dk\/index.php?rest_route=\/wp\/v2\/product"}],"about":[{"href":"https:\/\/bilshopping.dk\/index.php?rest_route=\/wp\/v2\/types\/product"}],"replies":[{"embeddable":true,"href":"https:\/\/bilshopping.dk\/index.php?rest_route=%2Fwp%2Fv2%2Fcomments&post=4278"}],"wp:featuredmedia":[{"embeddable":true,"href":"https:\/\/bilshopping.dk\/index.php?rest_route=\/wp\/v2\/media\/4279"}],"wp:attachment":[{"href":"https:\/\/bilshopping.dk\/index.php?rest_route=%2Fwp%2Fv2%2Fmedia&parent=4278"}],"wp:term":[{"taxonomy":"product_cat","embeddable":true,"href":"https:\/\/bilshopping.dk\/index.php?rest_route=%2Fwp%2Fv2%2Fproduct_cat&post=4278"},{"taxonomy":"product_tag","embeddable":true,"href":"https:\/\/bilshopping.dk\/index.php?rest_route=%2Fwp%2Fv2%2Fproduct_tag&post=4278"},{"taxonomy":"brand","embeddable":true,"href":"https:\/\/bilshopping.dk\/index.php?rest_route=%2Fwp%2Fv2%2Fbrand&post=4278"}],"curies":[{"name":"wp","href":"https:\/\/api.w.org\/{rel}","templated":true}]}}