{"id":4297,"date":"2023-06-23T18:46:58","date_gmt":"2023-06-23T16:46:58","guid":{"rendered":"https:\/\/bilshopping.dk\/produkt\/autoglym-microfiber-svamp-rund\/"},"modified":"2023-06-23T18:47:08","modified_gmt":"2023-06-23T16:47:08","slug":"autoglym-microfiber-svamp-rund","status":"publish","type":"product","link":"https:\/\/bilshopping.dk\/?product=autoglym-microfiber-svamp-rund","title":{"rendered":"Autoglym Microfiber svamp rund"},"content":{"rendered":"<p>Produktid er <strong>891<\/strong> og <strong><\/strong><\/p>\n<h2>Anmeldelse af Autoglym Microfiber svamp rund<\/h2>\n<p>Se om vi har en <a href=\"https:\/\/bilshopping.dk\/592\">anmeldelse af Autoglym Microfiber svamp rund<\/a>.<\/p>\n","protected":false},"excerpt":{"rendered":"<p>Autoglym Microfiber svamp rund er en bl\u00f8d mikrofibersvamp med lomme til h\u00e5nden, s\u00e5 svampen ikke glider fra dig. Kan bruges til p\u00e5f\u00f8ring af voks, vinylpleje osv.<br \/>\n\u00c2\u00a0, Autoglym Microfiber svamp rund.<\/p>\n","protected":false},"featured_media":4298,"comment_status":"closed","ping_status":"open","template":"","meta":{"_kad_post_transparent":"","_kad_post_title":"","_kad_post_layout":"","_kad_post_sidebar_id":"","_kad_post_content_style":"","_kad_post_vertical_padding":"","_kad_post_feature":"","_kad_post_feature_position":"","_kad_post_header":false,"_kad_post_footer":false},"product_cat":[3145,3160],"product_tag":[3147,2988,3161],"brand":[],"class_list":{"0":"post-4297","1":"product","2":"type-product","3":"status-publish","4":"has-post-thumbnail","6":"product_cat-bilpleje","7":"product_cat-tilbehoer","8":"product_tag-bilpleje","9":"product_tag-los","10":"product_tag-tilbehoer","12":"first","13":"instock","14":"product-type-external","15":"entry","16":"content-bg","17":"loop-entry"},"_links":{"self":[{"href":"https:\/\/bilshopping.dk\/index.php?rest_route=\/wp\/v2\/product\/4297","targetHints":{"allow":["GET"]}}],"collection":[{"href":"https:\/\/bilshopping.dk\/index.php?rest_route=\/wp\/v2\/product"}],"about":[{"href":"https:\/\/bilshopping.dk\/index.php?rest_route=\/wp\/v2\/types\/product"}],"replies":[{"embeddable":true,"href":"https:\/\/bilshopping.dk\/index.php?rest_route=%2Fwp%2Fv2%2Fcomments&post=4297"}],"wp:featuredmedia":[{"embeddable":true,"href":"https:\/\/bilshopping.dk\/index.php?rest_route=\/wp\/v2\/media\/4298"}],"wp:attachment":[{"href":"https:\/\/bilshopping.dk\/index.php?rest_route=%2Fwp%2Fv2%2Fmedia&parent=4297"}],"wp:term":[{"taxonomy":"product_cat","embeddable":true,"href":"https:\/\/bilshopping.dk\/index.php?rest_route=%2Fwp%2Fv2%2Fproduct_cat&post=4297"},{"taxonomy":"product_tag","embeddable":true,"href":"https:\/\/bilshopping.dk\/index.php?rest_route=%2Fwp%2Fv2%2Fproduct_tag&post=4297"},{"taxonomy":"brand","embeddable":true,"href":"https:\/\/bilshopping.dk\/index.php?rest_route=%2Fwp%2Fv2%2Fbrand&post=4297"}],"curies":[{"name":"wp","href":"https:\/\/api.w.org\/{rel}","templated":true}]}}