{"id":4327,"date":"2023-06-23T18:47:19","date_gmt":"2023-06-23T16:47:19","guid":{"rendered":"https:\/\/bilshopping.dk\/produkt\/alpine-style-dve-5300x-dvd-afspiller-til-x701da\/"},"modified":"2023-06-23T18:47:29","modified_gmt":"2023-06-23T16:47:29","slug":"alpine-style-dve-5300x-dvd-afspiller-til-x701da","status":"publish","type":"product","link":"https:\/\/bilshopping.dk\/?product=alpine-style-dve-5300x-dvd-afspiller-til-x701da","title":{"rendered":"Alpine Style DVE-5300X DVD afspiller til X701DA"},"content":{"rendered":"<p>Produktid er <strong>923<\/strong> og <strong>4958043721276<\/strong><\/p>\n<h2>Anmeldelse af Alpine Style DVE-5300X DVD afspiller til X701DA<\/h2>\n<p>Se om vi har en <a href=\"https:\/\/bilshopping.dk\/592\">anmeldelse af Alpine Style DVE-5300X DVD afspiller til X701DA<\/a>.<\/p>\n","protected":false},"excerpt":{"rendered":"<p>Opgrader dit Alpine Style \u00e2\u0080\u009cinfotainment-system\u00e2\u0080\u009d med denne DVD-afspiller. DVE-5300X er designet til at passe perfekt bag kontrolpanelet p\u00e5 dit Audi-system, s\u00e5 den nemt kan n\u00e5s fra f\u00f8rers\u00e6det. DVE-5300X bruger HDMI-teknologi for fremragende billedkvalit, Alpine Style DVE-5300X DVD afspiller til X701DA.<\/p>\n","protected":false},"featured_media":4328,"comment_status":"closed","ping_status":"open","template":"","meta":{"_kad_post_transparent":"","_kad_post_title":"","_kad_post_layout":"","_kad_post_sidebar_id":"","_kad_post_content_style":"","_kad_post_vertical_padding":"","_kad_post_feature":"","_kad_post_feature_position":"","_kad_post_header":false,"_kad_post_footer":false},"product_cat":[3233,3162,3163],"product_tag":[3234,3164,3165,2988],"brand":[],"class_list":{"0":"post-4327","1":"product","2":"type-product","3":"status-publish","4":"has-post-thumbnail","6":"product_cat-alpine","7":"product_cat-bilstereo","8":"product_cat-cd-radio","9":"product_tag-alpine","10":"product_tag-bilstereo","11":"product_tag-cd-radio","12":"product_tag-los","14":"first","15":"instock","16":"sale","17":"product-type-external","18":"entry","19":"content-bg","20":"loop-entry"},"_links":{"self":[{"href":"https:\/\/bilshopping.dk\/index.php?rest_route=\/wp\/v2\/product\/4327","targetHints":{"allow":["GET"]}}],"collection":[{"href":"https:\/\/bilshopping.dk\/index.php?rest_route=\/wp\/v2\/product"}],"about":[{"href":"https:\/\/bilshopping.dk\/index.php?rest_route=\/wp\/v2\/types\/product"}],"replies":[{"embeddable":true,"href":"https:\/\/bilshopping.dk\/index.php?rest_route=%2Fwp%2Fv2%2Fcomments&post=4327"}],"wp:featuredmedia":[{"embeddable":true,"href":"https:\/\/bilshopping.dk\/index.php?rest_route=\/wp\/v2\/media\/4328"}],"wp:attachment":[{"href":"https:\/\/bilshopping.dk\/index.php?rest_route=%2Fwp%2Fv2%2Fmedia&parent=4327"}],"wp:term":[{"taxonomy":"product_cat","embeddable":true,"href":"https:\/\/bilshopping.dk\/index.php?rest_route=%2Fwp%2Fv2%2Fproduct_cat&post=4327"},{"taxonomy":"product_tag","embeddable":true,"href":"https:\/\/bilshopping.dk\/index.php?rest_route=%2Fwp%2Fv2%2Fproduct_tag&post=4327"},{"taxonomy":"brand","embeddable":true,"href":"https:\/\/bilshopping.dk\/index.php?rest_route=%2Fwp%2Fv2%2Fbrand&post=4327"}],"curies":[{"name":"wp","href":"https:\/\/api.w.org\/{rel}","templated":true}]}}