{"id":4329,"date":"2023-06-23T18:47:19","date_gmt":"2023-06-23T16:47:19","guid":{"rendered":"https:\/\/bilshopping.dk\/produkt\/alpine-dab-turner-avn-is-med-touch\/"},"modified":"2023-06-23T18:47:30","modified_gmt":"2023-06-23T16:47:30","slug":"alpine-dab-turner-avn-is-med-touch","status":"publish","type":"product","link":"https:\/\/bilshopping.dk\/?product=alpine-dab-turner-avn-is-med-touch","title":{"rendered":"Alpine DAB Turner avn\/is med touch"},"content":{"rendered":"<p>Produktid er <strong>924<\/strong> og <strong>4958043543922<\/strong><\/p>\n<h2>Anmeldelse af Alpine DAB Turner avn\/is med touch<\/h2>\n<p>Se om vi har en <a href=\"https:\/\/bilshopping.dk\/592\">anmeldelse af Alpine DAB Turner avn\/is med touch<\/a>.<\/p>\n","protected":false},"excerpt":{"rendered":"<p>Alpine DAB Turner avn\/is med touch.\u00c2\u00a0F\u00e5 gl\u00e6den og fordelene ved digital radio modtagelse. Med mere en 20 DAB-kanaler tilg\u00e6ngelig i Danmark, og endnu flere i udlandet, er du altid siket masser af underholding i h\u00f8j lydkvalitet.\u00c2\u00a0, Alpine DAB Turner avn\/is med touch.<\/p>\n","protected":false},"featured_media":4330,"comment_status":"closed","ping_status":"open","template":"","meta":{"_kad_post_transparent":"","_kad_post_title":"","_kad_post_layout":"","_kad_post_sidebar_id":"","_kad_post_content_style":"","_kad_post_vertical_padding":"","_kad_post_feature":"","_kad_post_feature_position":"","_kad_post_header":false,"_kad_post_footer":false},"product_cat":[3162,3235],"product_tag":[3164,3236,2988],"brand":[],"class_list":{"0":"post-4329","1":"product","2":"type-product","3":"status-publish","4":"has-post-thumbnail","6":"product_cat-bilstereo","7":"product_cat-dab-radioer","8":"product_tag-bilstereo","9":"product_tag-dab-radioer","10":"product_tag-los","12":"first","13":"instock","14":"sale","15":"product-type-external","16":"entry","17":"content-bg","18":"loop-entry"},"_links":{"self":[{"href":"https:\/\/bilshopping.dk\/index.php?rest_route=\/wp\/v2\/product\/4329","targetHints":{"allow":["GET"]}}],"collection":[{"href":"https:\/\/bilshopping.dk\/index.php?rest_route=\/wp\/v2\/product"}],"about":[{"href":"https:\/\/bilshopping.dk\/index.php?rest_route=\/wp\/v2\/types\/product"}],"replies":[{"embeddable":true,"href":"https:\/\/bilshopping.dk\/index.php?rest_route=%2Fwp%2Fv2%2Fcomments&post=4329"}],"wp:featuredmedia":[{"embeddable":true,"href":"https:\/\/bilshopping.dk\/index.php?rest_route=\/wp\/v2\/media\/4330"}],"wp:attachment":[{"href":"https:\/\/bilshopping.dk\/index.php?rest_route=%2Fwp%2Fv2%2Fmedia&parent=4329"}],"wp:term":[{"taxonomy":"product_cat","embeddable":true,"href":"https:\/\/bilshopping.dk\/index.php?rest_route=%2Fwp%2Fv2%2Fproduct_cat&post=4329"},{"taxonomy":"product_tag","embeddable":true,"href":"https:\/\/bilshopping.dk\/index.php?rest_route=%2Fwp%2Fv2%2Fproduct_tag&post=4329"},{"taxonomy":"brand","embeddable":true,"href":"https:\/\/bilshopping.dk\/index.php?rest_route=%2Fwp%2Fv2%2Fbrand&post=4329"}],"curies":[{"name":"wp","href":"https:\/\/api.w.org\/{rel}","templated":true}]}}