{"id":4337,"date":"2023-06-23T18:47:19","date_gmt":"2023-06-23T16:47:19","guid":{"rendered":"https:\/\/bilshopping.dk\/produkt\/defa-plot-elektronisk-koerebog-med-12-mdr-abonnement\/"},"modified":"2023-06-23T18:47:33","modified_gmt":"2023-06-23T16:47:33","slug":"defa-plot-elektronisk-koerebog-med-12-mdr-abonnement","status":"publish","type":"product","link":"https:\/\/bilshopping.dk\/?product=defa-plot-elektronisk-koerebog-med-12-mdr-abonnement","title":{"rendered":"DEFA Plot Elektronisk k\u00f8rebog med 12 mdr. abonnement"},"content":{"rendered":"<p>Produktid er <strong>938<\/strong> og <strong>7042284403125<\/strong><\/p>\n<h2>Anmeldelse af DEFA Plot Elektronisk k\u00f8rebog med 12 mdr. abonnement<\/h2>\n<p>Se om vi har en <a href=\"https:\/\/bilshopping.dk\/592\">anmeldelse af DEFA Plot Elektronisk k\u00f8rebog med 12 mdr. abonnement<\/a>.<\/p>\n","protected":false},"excerpt":{"rendered":"<p>Plot my drive er en unik k\u00f8rebog, som automatisk dokumenterer k\u00f8rslen for dig &#8211; kun ved hj\u00e6lp af mobilen. Med Plot my drive f\u00e5r du dokumentationen, du har brug for til skatterapporter, k\u00f8rselsregnskabet eller fakturering hurtigere og enklere end nogensind, DEFA Plot Elektronisk k\u00f8rebog med 12 mdr. abonnement.<\/p>\n","protected":false},"featured_media":4338,"comment_status":"closed","ping_status":"open","template":"","meta":{"_kad_post_transparent":"","_kad_post_title":"","_kad_post_layout":"","_kad_post_sidebar_id":"","_kad_post_content_style":"","_kad_post_vertical_padding":"","_kad_post_feature":"","_kad_post_feature_position":"","_kad_post_header":false,"_kad_post_footer":false},"product_cat":[3212,3211],"product_tag":[3214,3213,2988],"brand":[],"class_list":{"0":"post-4337","1":"product","2":"type-product","3":"status-publish","4":"has-post-thumbnail","6":"product_cat-elektronisk-koerebog","7":"product_cat-indvendig-tilbehoer","8":"product_tag-elektronisk-koerebog","9":"product_tag-indvendig-tilbehoer","10":"product_tag-los","12":"first","13":"instock","14":"product-type-external","15":"entry","16":"content-bg","17":"loop-entry"},"_links":{"self":[{"href":"https:\/\/bilshopping.dk\/index.php?rest_route=\/wp\/v2\/product\/4337","targetHints":{"allow":["GET"]}}],"collection":[{"href":"https:\/\/bilshopping.dk\/index.php?rest_route=\/wp\/v2\/product"}],"about":[{"href":"https:\/\/bilshopping.dk\/index.php?rest_route=\/wp\/v2\/types\/product"}],"replies":[{"embeddable":true,"href":"https:\/\/bilshopping.dk\/index.php?rest_route=%2Fwp%2Fv2%2Fcomments&post=4337"}],"wp:featuredmedia":[{"embeddable":true,"href":"https:\/\/bilshopping.dk\/index.php?rest_route=\/wp\/v2\/media\/4338"}],"wp:attachment":[{"href":"https:\/\/bilshopping.dk\/index.php?rest_route=%2Fwp%2Fv2%2Fmedia&parent=4337"}],"wp:term":[{"taxonomy":"product_cat","embeddable":true,"href":"https:\/\/bilshopping.dk\/index.php?rest_route=%2Fwp%2Fv2%2Fproduct_cat&post=4337"},{"taxonomy":"product_tag","embeddable":true,"href":"https:\/\/bilshopping.dk\/index.php?rest_route=%2Fwp%2Fv2%2Fproduct_tag&post=4337"},{"taxonomy":"brand","embeddable":true,"href":"https:\/\/bilshopping.dk\/index.php?rest_route=%2Fwp%2Fv2%2Fbrand&post=4337"}],"curies":[{"name":"wp","href":"https:\/\/api.w.org\/{rel}","templated":true}]}}