{"id":4339,"date":"2023-06-23T18:47:19","date_gmt":"2023-06-23T16:47:19","guid":{"rendered":"https:\/\/bilshopping.dk\/produkt\/defa-plot-koeretoejs-identifikation\/"},"modified":"2023-06-23T18:47:34","modified_gmt":"2023-06-23T16:47:34","slug":"defa-plot-koeretoejs-identifikation","status":"publish","type":"product","link":"https:\/\/bilshopping.dk\/?product=defa-plot-koeretoejs-identifikation","title":{"rendered":"DEFA Plot k\u00f8ret\u00f8js identifikation"},"content":{"rendered":"<p>Produktid er <strong>939<\/strong> og <strong><\/strong><\/p>\n<h2>Anmeldelse af DEFA Plot k\u00f8ret\u00f8js identifikation<\/h2>\n<p>Se om vi har en <a href=\"https:\/\/bilshopping.dk\/592\">anmeldelse af DEFA Plot k\u00f8ret\u00f8js identifikation<\/a>.<\/p>\n","protected":false},"excerpt":{"rendered":"<p>PlotSync s\u00f8rger for, at den rigtige chauff\u00f8r tilknyttes den rigtige bil og g\u00f8r din hverdag enklere., DEFA Plot k\u00f8ret\u00f8js identifikation.<\/p>\n","protected":false},"featured_media":4340,"comment_status":"closed","ping_status":"open","template":"","meta":{"_kad_post_transparent":"","_kad_post_title":"","_kad_post_layout":"","_kad_post_sidebar_id":"","_kad_post_content_style":"","_kad_post_vertical_padding":"","_kad_post_feature":"","_kad_post_feature_position":"","_kad_post_header":false,"_kad_post_footer":false},"product_cat":[3212,3211],"product_tag":[3214,3213,2988],"brand":[],"class_list":{"0":"post-4339","1":"product","2":"type-product","3":"status-publish","4":"has-post-thumbnail","6":"product_cat-elektronisk-koerebog","7":"product_cat-indvendig-tilbehoer","8":"product_tag-elektronisk-koerebog","9":"product_tag-indvendig-tilbehoer","10":"product_tag-los","12":"first","13":"instock","14":"product-type-external","15":"entry","16":"content-bg","17":"loop-entry"},"_links":{"self":[{"href":"https:\/\/bilshopping.dk\/index.php?rest_route=\/wp\/v2\/product\/4339","targetHints":{"allow":["GET"]}}],"collection":[{"href":"https:\/\/bilshopping.dk\/index.php?rest_route=\/wp\/v2\/product"}],"about":[{"href":"https:\/\/bilshopping.dk\/index.php?rest_route=\/wp\/v2\/types\/product"}],"replies":[{"embeddable":true,"href":"https:\/\/bilshopping.dk\/index.php?rest_route=%2Fwp%2Fv2%2Fcomments&post=4339"}],"wp:featuredmedia":[{"embeddable":true,"href":"https:\/\/bilshopping.dk\/index.php?rest_route=\/wp\/v2\/media\/4340"}],"wp:attachment":[{"href":"https:\/\/bilshopping.dk\/index.php?rest_route=%2Fwp%2Fv2%2Fmedia&parent=4339"}],"wp:term":[{"taxonomy":"product_cat","embeddable":true,"href":"https:\/\/bilshopping.dk\/index.php?rest_route=%2Fwp%2Fv2%2Fproduct_cat&post=4339"},{"taxonomy":"product_tag","embeddable":true,"href":"https:\/\/bilshopping.dk\/index.php?rest_route=%2Fwp%2Fv2%2Fproduct_tag&post=4339"},{"taxonomy":"brand","embeddable":true,"href":"https:\/\/bilshopping.dk\/index.php?rest_route=%2Fwp%2Fv2%2Fbrand&post=4339"}],"curies":[{"name":"wp","href":"https:\/\/api.w.org\/{rel}","templated":true}]}}