{"id":4362,"date":"2023-06-23T18:47:42","date_gmt":"2023-06-23T16:47:42","guid":{"rendered":"https:\/\/bilshopping.dk\/produkt\/airdynamic-viskerblad-1-stk-450-mm-18\/"},"modified":"2023-06-23T18:47:45","modified_gmt":"2023-06-23T16:47:45","slug":"airdynamic-viskerblad-1-stk-450-mm-18","status":"publish","type":"product","link":"https:\/\/bilshopping.dk\/?product=airdynamic-viskerblad-1-stk-450-mm-18","title":{"rendered":"airDYNAMIC Viskerblad &#8211; 1 stk. 450 mm \/ 18&#8243;"},"content":{"rendered":"<p>Produktid er <strong>986-1398<\/strong> og <strong>5708539614501<\/strong><\/p>\n<h2>Anmeldelse af airDYNAMIC Viskerblad &#8211; 1 stk. 450 mm \/ 18&#8243;<\/h2>\n<p>Se om vi har en <a href=\"https:\/\/bilshopping.dk\/592\">anmeldelse af airDYNAMIC Viskerblad &#8211; 1 stk. 450 mm \/ 18&#8243;<\/a>.<\/p>\n","protected":false},"excerpt":{"rendered":"<p>airDYNAMIC viskerblade er testet og godkendt med LGA standard af T\u00fcv Institute i Tyskland. Testene var yderst positive, s\u00e5 man kan godt sammenligne airDYNAMIC med de f\u00f8rende brands p\u00e5 markedet., airDYNAMIC Viskerblad &#8211; 1 stk. 450 mm \/ 18&#8243;.<\/p>\n","protected":false},"featured_media":4357,"comment_status":"closed","ping_status":"open","template":"","meta":{"_kad_post_transparent":"","_kad_post_title":"","_kad_post_layout":"","_kad_post_sidebar_id":"","_kad_post_content_style":"","_kad_post_vertical_padding":"","_kad_post_feature":"","_kad_post_feature_position":"","_kad_post_header":false,"_kad_post_footer":false},"product_cat":[3207,3241],"product_tag":[2988,3209,3242],"brand":[],"class_list":{"0":"post-4362","1":"product","2":"type-product","3":"status-publish","4":"has-post-thumbnail","6":"product_cat-udvendig-tilbehoer","7":"product_cat-viskerblade","8":"product_tag-los","9":"product_tag-udvendig-tilbehoer","10":"product_tag-viskerblade","12":"first","13":"instock","14":"sale","15":"product-type-external","16":"entry","17":"content-bg","18":"loop-entry"},"_links":{"self":[{"href":"https:\/\/bilshopping.dk\/index.php?rest_route=\/wp\/v2\/product\/4362","targetHints":{"allow":["GET"]}}],"collection":[{"href":"https:\/\/bilshopping.dk\/index.php?rest_route=\/wp\/v2\/product"}],"about":[{"href":"https:\/\/bilshopping.dk\/index.php?rest_route=\/wp\/v2\/types\/product"}],"replies":[{"embeddable":true,"href":"https:\/\/bilshopping.dk\/index.php?rest_route=%2Fwp%2Fv2%2Fcomments&post=4362"}],"wp:featuredmedia":[{"embeddable":true,"href":"https:\/\/bilshopping.dk\/index.php?rest_route=\/wp\/v2\/media\/4357"}],"wp:attachment":[{"href":"https:\/\/bilshopping.dk\/index.php?rest_route=%2Fwp%2Fv2%2Fmedia&parent=4362"}],"wp:term":[{"taxonomy":"product_cat","embeddable":true,"href":"https:\/\/bilshopping.dk\/index.php?rest_route=%2Fwp%2Fv2%2Fproduct_cat&post=4362"},{"taxonomy":"product_tag","embeddable":true,"href":"https:\/\/bilshopping.dk\/index.php?rest_route=%2Fwp%2Fv2%2Fproduct_tag&post=4362"},{"taxonomy":"brand","embeddable":true,"href":"https:\/\/bilshopping.dk\/index.php?rest_route=%2Fwp%2Fv2%2Fbrand&post=4362"}],"curies":[{"name":"wp","href":"https:\/\/api.w.org\/{rel}","templated":true}]}}