{"id":4369,"date":"2023-06-23T18:47:42","date_gmt":"2023-06-23T16:47:42","guid":{"rendered":"https:\/\/bilshopping.dk\/produkt\/donkraft-proff-alu-1500-kg-roed-soelv\/"},"modified":"2023-06-23T18:47:46","modified_gmt":"2023-06-23T16:47:46","slug":"donkraft-proff-alu-1500-kg-roed-soelv","status":"publish","type":"product","link":"https:\/\/bilshopping.dk\/?product=donkraft-proff-alu-1500-kg-roed-soelv","title":{"rendered":"Donkraft Proff alu 1500 kg, r\u00f8d\/s\u00f8lv"},"content":{"rendered":"<p>Produktid er <strong>987<\/strong> og <strong>8711293062119<\/strong><\/p>\n<h2>Anmeldelse af Donkraft Proff alu 1500 kg, r\u00f8d\/s\u00f8lv<\/h2>\n<p>Se om vi har en <a href=\"https:\/\/bilshopping.dk\/592\">anmeldelse af Donkraft Proff alu 1500 kg, r\u00f8d\/s\u00f8lv<\/a>.<\/p>\n","protected":false},"excerpt":{"rendered":"<p>Denne donkraft er uundv\u00e6rlig i dit v\u00e6rksted, skur eller garage. Den er velegnet til k\u00f8ret\u00f8jer op til 1500 kg., Donkraft Proff alu 1500 kg, r\u00f8d\/s\u00f8lv.<\/p>\n","protected":false},"featured_media":4370,"comment_status":"closed","ping_status":"open","template":"","meta":{"_kad_post_transparent":"","_kad_post_title":"","_kad_post_layout":"","_kad_post_sidebar_id":"","_kad_post_content_style":"","_kad_post_vertical_padding":"","_kad_post_feature":"","_kad_post_feature_position":"","_kad_post_header":false,"_kad_post_footer":false},"product_cat":[3243],"product_tag":[2988,3244],"brand":[],"class_list":{"0":"post-4369","1":"product","2":"type-product","3":"status-publish","4":"has-post-thumbnail","6":"product_cat-vaerktoej","7":"product_tag-los","8":"product_tag-vaerktoej","10":"first","11":"instock","12":"product-type-external","13":"entry","14":"content-bg","15":"loop-entry"},"_links":{"self":[{"href":"https:\/\/bilshopping.dk\/index.php?rest_route=\/wp\/v2\/product\/4369","targetHints":{"allow":["GET"]}}],"collection":[{"href":"https:\/\/bilshopping.dk\/index.php?rest_route=\/wp\/v2\/product"}],"about":[{"href":"https:\/\/bilshopping.dk\/index.php?rest_route=\/wp\/v2\/types\/product"}],"replies":[{"embeddable":true,"href":"https:\/\/bilshopping.dk\/index.php?rest_route=%2Fwp%2Fv2%2Fcomments&post=4369"}],"wp:featuredmedia":[{"embeddable":true,"href":"https:\/\/bilshopping.dk\/index.php?rest_route=\/wp\/v2\/media\/4370"}],"wp:attachment":[{"href":"https:\/\/bilshopping.dk\/index.php?rest_route=%2Fwp%2Fv2%2Fmedia&parent=4369"}],"wp:term":[{"taxonomy":"product_cat","embeddable":true,"href":"https:\/\/bilshopping.dk\/index.php?rest_route=%2Fwp%2Fv2%2Fproduct_cat&post=4369"},{"taxonomy":"product_tag","embeddable":true,"href":"https:\/\/bilshopping.dk\/index.php?rest_route=%2Fwp%2Fv2%2Fproduct_tag&post=4369"},{"taxonomy":"brand","embeddable":true,"href":"https:\/\/bilshopping.dk\/index.php?rest_route=%2Fwp%2Fv2%2Fbrand&post=4369"}],"curies":[{"name":"wp","href":"https:\/\/api.w.org\/{rel}","templated":true}]}}