{"id":4379,"date":"2023-06-23T18:47:42","date_gmt":"2023-06-23T16:47:42","guid":{"rendered":"https:\/\/bilshopping.dk\/produkt\/xtreme-led-forlygtepaerer-h7-2-stk\/"},"modified":"2023-06-23T18:47:48","modified_gmt":"2023-06-23T16:47:48","slug":"xtreme-led-forlygtepaerer-h7-2-stk","status":"publish","type":"product","link":"https:\/\/bilshopping.dk\/?product=xtreme-led-forlygtepaerer-h7-2-stk","title":{"rendered":"Xtreme LED forlygtep\u00e6rer H7, 2 stk."},"content":{"rendered":"<p>Produktid er <strong>995<\/strong> og <strong><\/strong><\/p>\n<h2>Anmeldelse af Xtreme LED forlygtep\u00e6rer H7, 2 stk.<\/h2>\n<p>Se om vi har en <a href=\"https:\/\/bilshopping.dk\/592\">anmeldelse af Xtreme LED forlygtep\u00e6rer H7, 2 stk.<\/a>.<\/p>\n","protected":false},"excerpt":{"rendered":"<p>Xtreme LED forlygtep\u00e6rer H7, 2 stk. Et s\u00e6rdeles kraftige LED forlygte kit.\u00c2\u00a0Lyset fra p\u00e6rerne er 6000K, og svarer til Xenonkits.<br \/>\n\u00c2\u00a0, Xtreme LED forlygtep\u00e6rer H7, 2 stk..<\/p>\n","protected":false},"featured_media":4380,"comment_status":"closed","ping_status":"open","template":"","meta":{"_kad_post_transparent":"","_kad_post_title":"","_kad_post_layout":"","_kad_post_sidebar_id":"","_kad_post_content_style":"","_kad_post_vertical_padding":"","_kad_post_feature":"","_kad_post_feature_position":"","_kad_post_header":false,"_kad_post_footer":false},"product_cat":[3208,3207],"product_tag":[2988,3210,3209],"brand":[],"class_list":{"0":"post-4379","1":"product","2":"type-product","3":"status-publish","4":"has-post-thumbnail","6":"product_cat-paerer","7":"product_cat-udvendig-tilbehoer","8":"product_tag-los","9":"product_tag-paerer","10":"product_tag-udvendig-tilbehoer","12":"first","13":"instock","14":"product-type-external","15":"entry","16":"content-bg","17":"loop-entry"},"_links":{"self":[{"href":"https:\/\/bilshopping.dk\/index.php?rest_route=\/wp\/v2\/product\/4379","targetHints":{"allow":["GET"]}}],"collection":[{"href":"https:\/\/bilshopping.dk\/index.php?rest_route=\/wp\/v2\/product"}],"about":[{"href":"https:\/\/bilshopping.dk\/index.php?rest_route=\/wp\/v2\/types\/product"}],"replies":[{"embeddable":true,"href":"https:\/\/bilshopping.dk\/index.php?rest_route=%2Fwp%2Fv2%2Fcomments&post=4379"}],"wp:featuredmedia":[{"embeddable":true,"href":"https:\/\/bilshopping.dk\/index.php?rest_route=\/wp\/v2\/media\/4380"}],"wp:attachment":[{"href":"https:\/\/bilshopping.dk\/index.php?rest_route=%2Fwp%2Fv2%2Fmedia&parent=4379"}],"wp:term":[{"taxonomy":"product_cat","embeddable":true,"href":"https:\/\/bilshopping.dk\/index.php?rest_route=%2Fwp%2Fv2%2Fproduct_cat&post=4379"},{"taxonomy":"product_tag","embeddable":true,"href":"https:\/\/bilshopping.dk\/index.php?rest_route=%2Fwp%2Fv2%2Fproduct_tag&post=4379"},{"taxonomy":"brand","embeddable":true,"href":"https:\/\/bilshopping.dk\/index.php?rest_route=%2Fwp%2Fv2%2Fbrand&post=4379"}],"curies":[{"name":"wp","href":"https:\/\/api.w.org\/{rel}","templated":true}]}}