{"id":4405,"date":"2023-06-23T18:47:51","date_gmt":"2023-06-23T16:47:51","guid":{"rendered":"https:\/\/bilshopping.dk\/produkt\/alpine-2-din-8-kit-f-audi-tt\/"},"modified":"2023-06-23T18:47:58","modified_gmt":"2023-06-23T16:47:58","slug":"alpine-2-din-8-kit-f-audi-tt","status":"publish","type":"product","link":"https:\/\/bilshopping.dk\/?product=alpine-2-din-8-kit-f-audi-tt","title":{"rendered":"Alpine 2-DIN 8&#8243; Kit f. Audi TT"},"content":{"rendered":"<p>Produktid er <strong>1014<\/strong> og <strong>4958043721085<\/strong><\/p>\n<h2>Anmeldelse af Alpine 2-DIN 8&#8243; Kit f. Audi TT<\/h2>\n<p>Se om vi har en <a href=\"https:\/\/bilshopping.dk\/592\">anmeldelse af Alpine 2-DIN 8&#8243; Kit f. Audi TT<\/a>.<\/p>\n","protected":false},"excerpt":{"rendered":"<p>Monteringss\u00e6ttet til Alpine 8&#8243; enhed i en Audi TT (8J) indeholder alle n\u00f8dvendige dele til montering, s\u00e5 som ratbetjeningsadapter med CAN-konverting til t\u00e6nding, speedpuls-signal og h\u00e5ndbremsesignal., Alpine 2-DIN 8&#8243; Kit f. Audi TT.<\/p>\n","protected":false},"featured_media":4406,"comment_status":"closed","ping_status":"open","template":"","meta":{"_kad_post_transparent":"","_kad_post_title":"","_kad_post_layout":"","_kad_post_sidebar_id":"","_kad_post_content_style":"","_kad_post_vertical_padding":"","_kad_post_feature":"","_kad_post_feature_position":"","_kad_post_header":false,"_kad_post_footer":false},"product_cat":[3162,3245],"product_tag":[3164,2988,3246],"brand":[],"class_list":{"0":"post-4405","1":"product","2":"type-product","3":"status-publish","4":"has-post-thumbnail","6":"product_cat-bilstereo","7":"product_cat-monteringssaet","8":"product_tag-bilstereo","9":"product_tag-los","10":"product_tag-monteringssaet","12":"first","13":"instock","14":"product-type-external","15":"entry","16":"content-bg","17":"loop-entry"},"_links":{"self":[{"href":"https:\/\/bilshopping.dk\/index.php?rest_route=\/wp\/v2\/product\/4405","targetHints":{"allow":["GET"]}}],"collection":[{"href":"https:\/\/bilshopping.dk\/index.php?rest_route=\/wp\/v2\/product"}],"about":[{"href":"https:\/\/bilshopping.dk\/index.php?rest_route=\/wp\/v2\/types\/product"}],"replies":[{"embeddable":true,"href":"https:\/\/bilshopping.dk\/index.php?rest_route=%2Fwp%2Fv2%2Fcomments&post=4405"}],"wp:featuredmedia":[{"embeddable":true,"href":"https:\/\/bilshopping.dk\/index.php?rest_route=\/wp\/v2\/media\/4406"}],"wp:attachment":[{"href":"https:\/\/bilshopping.dk\/index.php?rest_route=%2Fwp%2Fv2%2Fmedia&parent=4405"}],"wp:term":[{"taxonomy":"product_cat","embeddable":true,"href":"https:\/\/bilshopping.dk\/index.php?rest_route=%2Fwp%2Fv2%2Fproduct_cat&post=4405"},{"taxonomy":"product_tag","embeddable":true,"href":"https:\/\/bilshopping.dk\/index.php?rest_route=%2Fwp%2Fv2%2Fproduct_tag&post=4405"},{"taxonomy":"brand","embeddable":true,"href":"https:\/\/bilshopping.dk\/index.php?rest_route=%2Fwp%2Fv2%2Fbrand&post=4405"}],"curies":[{"name":"wp","href":"https:\/\/api.w.org\/{rel}","templated":true}]}}