{"id":4421,"date":"2023-06-23T18:48:03","date_gmt":"2023-06-23T16:48:03","guid":{"rendered":"https:\/\/bilshopping.dk\/produkt\/alpine-pkg-rse3hdmi-101-loftskaerm-med-dvd-hdmi\/"},"modified":"2023-06-23T18:48:07","modified_gmt":"2023-06-23T16:48:07","slug":"alpine-pkg-rse3hdmi-101-loftskaerm-med-dvd-hdmi","status":"publish","type":"product","link":"https:\/\/bilshopping.dk\/?product=alpine-pkg-rse3hdmi-101-loftskaerm-med-dvd-hdmi","title":{"rendered":"Alpine PKG-RSE3HDMI 10,1&#8243; loftsk\u00e6rm med DVD &#038; HDMI"},"content":{"rendered":"<p>Produktid er <strong>1023<\/strong> og <strong>4958043721528<\/strong><\/p>\n<h2>Anmeldelse af Alpine PKG-RSE3HDMI 10,1&#8243; loftsk\u00e6rm med DVD &#038; HDMI<\/h2>\n<p>Se om vi har en <a href=\"https:\/\/bilshopping.dk\/592\">anmeldelse af Alpine PKG-RSE3HDMI 10,1&#8243; loftsk\u00e6rm med DVD &#038; HDMI<\/a>.<\/p>\n","protected":false},"excerpt":{"rendered":"<p>10,1&#8243; loftsk\u00e6rm med indbygget DVD-afspiller og HDMI-indgang. Familietiden p\u00e5 vejen er lige blevet bedre. Alpines PKG-RSE3HDMI DVD underholdningssystem er perfekt for dine passagerer.\u00c2\u00a0, Alpine PKG-RSE3HDMI 10,1&#8243; loftsk\u00e6rm med DVD &#038; HDMI.<\/p>\n","protected":false},"featured_media":4422,"comment_status":"closed","ping_status":"open","template":"","meta":{"_kad_post_transparent":"","_kad_post_title":"","_kad_post_layout":"","_kad_post_sidebar_id":"","_kad_post_content_style":"","_kad_post_vertical_padding":"","_kad_post_feature":"","_kad_post_feature_position":"","_kad_post_header":false,"_kad_post_footer":false},"product_cat":[3162,3167,3166],"product_tag":[3164,3169,2988,3168],"brand":[],"class_list":{"0":"post-4421","1":"product","2":"type-product","3":"status-publish","4":"has-post-thumbnail","6":"product_cat-bilstereo","7":"product_cat-loftskaerme","8":"product_cat-multimedie","9":"product_tag-bilstereo","10":"product_tag-loftskaerme","11":"product_tag-los","12":"product_tag-multimedie","14":"first","15":"instock","16":"sale","17":"product-type-external","18":"entry","19":"content-bg","20":"loop-entry"},"_links":{"self":[{"href":"https:\/\/bilshopping.dk\/index.php?rest_route=\/wp\/v2\/product\/4421","targetHints":{"allow":["GET"]}}],"collection":[{"href":"https:\/\/bilshopping.dk\/index.php?rest_route=\/wp\/v2\/product"}],"about":[{"href":"https:\/\/bilshopping.dk\/index.php?rest_route=\/wp\/v2\/types\/product"}],"replies":[{"embeddable":true,"href":"https:\/\/bilshopping.dk\/index.php?rest_route=%2Fwp%2Fv2%2Fcomments&post=4421"}],"wp:featuredmedia":[{"embeddable":true,"href":"https:\/\/bilshopping.dk\/index.php?rest_route=\/wp\/v2\/media\/4422"}],"wp:attachment":[{"href":"https:\/\/bilshopping.dk\/index.php?rest_route=%2Fwp%2Fv2%2Fmedia&parent=4421"}],"wp:term":[{"taxonomy":"product_cat","embeddable":true,"href":"https:\/\/bilshopping.dk\/index.php?rest_route=%2Fwp%2Fv2%2Fproduct_cat&post=4421"},{"taxonomy":"product_tag","embeddable":true,"href":"https:\/\/bilshopping.dk\/index.php?rest_route=%2Fwp%2Fv2%2Fproduct_tag&post=4421"},{"taxonomy":"brand","embeddable":true,"href":"https:\/\/bilshopping.dk\/index.php?rest_route=%2Fwp%2Fv2%2Fbrand&post=4421"}],"curies":[{"name":"wp","href":"https:\/\/api.w.org\/{rel}","templated":true}]}}