{"id":4423,"date":"2023-06-23T18:48:03","date_gmt":"2023-06-23T16:48:03","guid":{"rendered":"https:\/\/bilshopping.dk\/produkt\/alpine-spc-300a3-lydpakke-audi-a3-s3-rs3\/"},"modified":"2023-06-23T18:48:07","modified_gmt":"2023-06-23T16:48:07","slug":"alpine-spc-300a3-lydpakke-audi-a3-s3-rs3","status":"publish","type":"product","link":"https:\/\/bilshopping.dk\/?product=alpine-spc-300a3-lydpakke-audi-a3-s3-rs3","title":{"rendered":"Alpine SPC-300A3 lydpakke Audi A3, S3 &#038; RS3"},"content":{"rendered":"<p>Produktid er <strong>1026<\/strong> og <strong>4958043721726<\/strong><\/p>\n<h2>Anmeldelse af Alpine SPC-300A3 lydpakke Audi A3, S3 &#038; RS3<\/h2>\n<p>Se om vi har en <a href=\"https:\/\/bilshopping.dk\/592\">anmeldelse af Alpine SPC-300A3 lydpakke Audi A3, S3 &#038; RS3<\/a>.<\/p>\n","protected":false},"excerpt":{"rendered":"<p>Alpine SPC-300A3 lydpakke Audi A3, S3 &#038; RS3 er designet eksklusivt til Audi A3 Coup\u00e9, Sportsback og Cabriolet. Denne lydpakke vil l\u00f8fte dit lydsystem op p\u00e5 et helt nyt niveau, Alpine SPC-300A3 lydpakke Audi A3, S3 &#038; RS3.<\/p>\n","protected":false},"featured_media":4424,"comment_status":"closed","ping_status":"open","template":"","meta":{"_kad_post_transparent":"","_kad_post_title":"","_kad_post_layout":"","_kad_post_sidebar_id":"","_kad_post_content_style":"","_kad_post_vertical_padding":"","_kad_post_feature":"","_kad_post_feature_position":"","_kad_post_header":false,"_kad_post_footer":false},"product_cat":[3162,3180],"product_tag":[3164,3181,2988],"brand":[],"class_list":{"0":"post-4423","1":"product","2":"type-product","3":"status-publish","4":"has-post-thumbnail","6":"product_cat-bilstereo","7":"product_cat-hoejttalere","8":"product_tag-bilstereo","9":"product_tag-hoejttalere","10":"product_tag-los","12":"first","13":"instock","14":"sale","15":"product-type-external","16":"entry","17":"content-bg","18":"loop-entry"},"_links":{"self":[{"href":"https:\/\/bilshopping.dk\/index.php?rest_route=\/wp\/v2\/product\/4423","targetHints":{"allow":["GET"]}}],"collection":[{"href":"https:\/\/bilshopping.dk\/index.php?rest_route=\/wp\/v2\/product"}],"about":[{"href":"https:\/\/bilshopping.dk\/index.php?rest_route=\/wp\/v2\/types\/product"}],"replies":[{"embeddable":true,"href":"https:\/\/bilshopping.dk\/index.php?rest_route=%2Fwp%2Fv2%2Fcomments&post=4423"}],"wp:featuredmedia":[{"embeddable":true,"href":"https:\/\/bilshopping.dk\/index.php?rest_route=\/wp\/v2\/media\/4424"}],"wp:attachment":[{"href":"https:\/\/bilshopping.dk\/index.php?rest_route=%2Fwp%2Fv2%2Fmedia&parent=4423"}],"wp:term":[{"taxonomy":"product_cat","embeddable":true,"href":"https:\/\/bilshopping.dk\/index.php?rest_route=%2Fwp%2Fv2%2Fproduct_cat&post=4423"},{"taxonomy":"product_tag","embeddable":true,"href":"https:\/\/bilshopping.dk\/index.php?rest_route=%2Fwp%2Fv2%2Fproduct_tag&post=4423"},{"taxonomy":"brand","embeddable":true,"href":"https:\/\/bilshopping.dk\/index.php?rest_route=%2Fwp%2Fv2%2Fbrand&post=4423"}],"curies":[{"name":"wp","href":"https:\/\/api.w.org\/{rel}","templated":true}]}}