{"id":4437,"date":"2023-06-23T18:48:03","date_gmt":"2023-06-23T16:48:03","guid":{"rendered":"https:\/\/bilshopping.dk\/produkt\/alpine-style-x903d-s906-mercedes-sprinter-2013-multimedia-navigation\/"},"modified":"2023-06-23T18:48:15","modified_gmt":"2023-06-23T16:48:15","slug":"alpine-style-x903d-s906-mercedes-sprinter-2013-multimedia-navigation","status":"publish","type":"product","link":"https:\/\/bilshopping.dk\/?product=alpine-style-x903d-s906-mercedes-sprinter-2013-multimedia-navigation","title":{"rendered":"Alpine Style X903D-S906 Mercedes Sprinter 2013- &#8211; Multimedia Navigation"},"content":{"rendered":"<p>Produktid er <strong>1038<\/strong> og <strong>4958043622641<\/strong><\/p>\n<h2>Anmeldelse af Alpine Style X903D-S906 Mercedes Sprinter 2013- &#8211; Multimedia Navigation<\/h2>\n<p>Se om vi har en <a href=\"https:\/\/bilshopping.dk\/592\">anmeldelse af Alpine Style X903D-S906 Mercedes Sprinter 2013- &#8211; Multimedia Navigation<\/a>.<\/p>\n","protected":false},"excerpt":{"rendered":"<p>Alpine Style X903D-S906\u00c2\u00a09\u00e2\u0080\u009d Touch-betjent navigationssystem til Mercedes Sprinter (S906) med Apple CarPlay og Android Auto*<br \/>\nSkr\u00e6ddersyet l\u00f8sning til Mercedes Sprinter (S906, \u00e5rgang 2013 og frem).<br \/>\n\u00c2\u00a0<br \/>\n\u00c2\u00a0, Alpine Style X903D-S906 Mercedes Sprinter 2013- &#8211; Multimedia Navigation.<\/p>\n","protected":false},"featured_media":4438,"comment_status":"closed","ping_status":"open","template":"","meta":{"_kad_post_transparent":"","_kad_post_title":"","_kad_post_layout":"","_kad_post_sidebar_id":"","_kad_post_content_style":"","_kad_post_vertical_padding":"","_kad_post_feature":"","_kad_post_feature_position":"","_kad_post_header":false,"_kad_post_footer":false},"product_cat":[3162,3201,3189],"product_tag":[3164,2988,3202,3190],"brand":[],"class_list":{"0":"post-4437","1":"product","2":"type-product","3":"status-publish","4":"has-post-thumbnail","6":"product_cat-bilstereo","7":"product_cat-mercedes","8":"product_cat-navigation-til-bil","9":"product_tag-bilstereo","10":"product_tag-los","11":"product_tag-mercedes","12":"product_tag-navigation-til-bil","14":"first","15":"instock","16":"sale","17":"product-type-external","18":"entry","19":"content-bg","20":"loop-entry"},"_links":{"self":[{"href":"https:\/\/bilshopping.dk\/index.php?rest_route=\/wp\/v2\/product\/4437","targetHints":{"allow":["GET"]}}],"collection":[{"href":"https:\/\/bilshopping.dk\/index.php?rest_route=\/wp\/v2\/product"}],"about":[{"href":"https:\/\/bilshopping.dk\/index.php?rest_route=\/wp\/v2\/types\/product"}],"replies":[{"embeddable":true,"href":"https:\/\/bilshopping.dk\/index.php?rest_route=%2Fwp%2Fv2%2Fcomments&post=4437"}],"wp:featuredmedia":[{"embeddable":true,"href":"https:\/\/bilshopping.dk\/index.php?rest_route=\/wp\/v2\/media\/4438"}],"wp:attachment":[{"href":"https:\/\/bilshopping.dk\/index.php?rest_route=%2Fwp%2Fv2%2Fmedia&parent=4437"}],"wp:term":[{"taxonomy":"product_cat","embeddable":true,"href":"https:\/\/bilshopping.dk\/index.php?rest_route=%2Fwp%2Fv2%2Fproduct_cat&post=4437"},{"taxonomy":"product_tag","embeddable":true,"href":"https:\/\/bilshopping.dk\/index.php?rest_route=%2Fwp%2Fv2%2Fproduct_tag&post=4437"},{"taxonomy":"brand","embeddable":true,"href":"https:\/\/bilshopping.dk\/index.php?rest_route=%2Fwp%2Fv2%2Fbrand&post=4437"}],"curies":[{"name":"wp","href":"https:\/\/api.w.org\/{rel}","templated":true}]}}