{"id":4443,"date":"2023-06-23T18:48:03","date_gmt":"2023-06-23T16:48:03","guid":{"rendered":"https:\/\/bilshopping.dk\/produkt\/alpine-s-s50-135-cm-hoejttaler-coaxial-2-vejs\/"},"modified":"2023-06-23T18:48:16","modified_gmt":"2023-06-23T16:48:16","slug":"alpine-s-s50-135-cm-hoejttaler-coaxial-2-vejs","status":"publish","type":"product","link":"https:\/\/bilshopping.dk\/?product=alpine-s-s50-135-cm-hoejttaler-coaxial-2-vejs","title":{"rendered":"Alpine S-S50 13,5 cm H\u00f8jttaler Coaxial 2 vejs"},"content":{"rendered":"<p>Produktid er <strong>1041<\/strong> og <strong>4958043888825<\/strong><\/p>\n<h2>Anmeldelse af Alpine S-S50 13,5 cm H\u00f8jttaler Coaxial 2 vejs<\/h2>\n<p>Se om vi har en <a href=\"https:\/\/bilshopping.dk\/592\">anmeldelse af Alpine S-S50 13,5 cm H\u00f8jttaler Coaxial 2 vejs<\/a>.<\/p>\n","protected":false},"excerpt":{"rendered":"<p>Alpine S-S50\u00c2\u00a013,5\u00c2\u00a0cm H\u00f8jttaler Coaxial 2 vejs leverer utrolig h\u00f8j ydeevne til denne klasse af h\u00f8jttalere.\u00c2\u00a0Giver en ekstremt ren og pr\u00e6cis lyd., Alpine S-S50 13,5 cm H\u00f8jttaler Coaxial 2 vejs.<\/p>\n","protected":false},"featured_media":4444,"comment_status":"closed","ping_status":"open","template":"","meta":{"_kad_post_transparent":"","_kad_post_title":"","_kad_post_layout":"","_kad_post_sidebar_id":"","_kad_post_content_style":"","_kad_post_vertical_padding":"","_kad_post_feature":"","_kad_post_feature_position":"","_kad_post_header":false,"_kad_post_footer":false},"product_cat":[3162,3180],"product_tag":[3164,3181,2988],"brand":[],"class_list":{"0":"post-4443","1":"product","2":"type-product","3":"status-publish","4":"has-post-thumbnail","6":"product_cat-bilstereo","7":"product_cat-hoejttalere","8":"product_tag-bilstereo","9":"product_tag-hoejttalere","10":"product_tag-los","12":"first","13":"instock","14":"sale","15":"product-type-external","16":"entry","17":"content-bg","18":"loop-entry"},"_links":{"self":[{"href":"https:\/\/bilshopping.dk\/index.php?rest_route=\/wp\/v2\/product\/4443","targetHints":{"allow":["GET"]}}],"collection":[{"href":"https:\/\/bilshopping.dk\/index.php?rest_route=\/wp\/v2\/product"}],"about":[{"href":"https:\/\/bilshopping.dk\/index.php?rest_route=\/wp\/v2\/types\/product"}],"replies":[{"embeddable":true,"href":"https:\/\/bilshopping.dk\/index.php?rest_route=%2Fwp%2Fv2%2Fcomments&post=4443"}],"wp:featuredmedia":[{"embeddable":true,"href":"https:\/\/bilshopping.dk\/index.php?rest_route=\/wp\/v2\/media\/4444"}],"wp:attachment":[{"href":"https:\/\/bilshopping.dk\/index.php?rest_route=%2Fwp%2Fv2%2Fmedia&parent=4443"}],"wp:term":[{"taxonomy":"product_cat","embeddable":true,"href":"https:\/\/bilshopping.dk\/index.php?rest_route=%2Fwp%2Fv2%2Fproduct_cat&post=4443"},{"taxonomy":"product_tag","embeddable":true,"href":"https:\/\/bilshopping.dk\/index.php?rest_route=%2Fwp%2Fv2%2Fproduct_tag&post=4443"},{"taxonomy":"brand","embeddable":true,"href":"https:\/\/bilshopping.dk\/index.php?rest_route=%2Fwp%2Fv2%2Fbrand&post=4443"}],"curies":[{"name":"wp","href":"https:\/\/api.w.org\/{rel}","templated":true}]}}