{"id":4451,"date":"2023-06-23T18:48:21","date_gmt":"2023-06-23T16:48:21","guid":{"rendered":"https:\/\/bilshopping.dk\/produkt\/alpine-s-s65c-165-cm-hoejttaler-komponent-saet\/"},"modified":"2023-06-23T18:48:21","modified_gmt":"2023-06-23T16:48:21","slug":"alpine-s-s65c-165-cm-hoejttaler-komponent-saet","status":"publish","type":"product","link":"https:\/\/bilshopping.dk\/?product=alpine-s-s65c-165-cm-hoejttaler-komponent-saet","title":{"rendered":"Alpine S-S65C 16,5 cm H\u00f8jttaler komponent s\u00e6t"},"content":{"rendered":"<p>Produktid er <strong>1046<\/strong> og <strong>4958043888795<\/strong><\/p>\n<h2>Anmeldelse af Alpine S-S65C 16,5 cm H\u00f8jttaler komponent s\u00e6t<\/h2>\n<p>Se om vi har en <a href=\"https:\/\/bilshopping.dk\/592\">anmeldelse af Alpine S-S65C 16,5 cm H\u00f8jttaler komponent s\u00e6t<\/a>.<\/p>\n","protected":false},"excerpt":{"rendered":"<p>Alpine S-S65C 16,5 cm H\u00f8jttaler komponent s\u00e6t &#8211; S-serien leverer utrolig h\u00f8j ydeevne til denne klasse af h\u00f8jttalere. De kan prale af verdens f\u00f8rste brug af en CFRP membran, som har den ideelle balance af h\u00e5rdhed og lette v\u00e6gt, for ekstremt ren og pr\u00e6cis l, Alpine S-S65C 16,5 cm H\u00f8jttaler komponent s\u00e6t.<\/p>\n","protected":false},"featured_media":4452,"comment_status":"closed","ping_status":"open","template":"","meta":{"_kad_post_transparent":"","_kad_post_title":"","_kad_post_layout":"","_kad_post_sidebar_id":"","_kad_post_content_style":"","_kad_post_vertical_padding":"","_kad_post_feature":"","_kad_post_feature_position":"","_kad_post_header":false,"_kad_post_footer":false},"product_cat":[3251,3162,3253,3180],"product_tag":[3234,3164,3254,3181,2988],"brand":[],"class_list":{"0":"post-4451","1":"product","2":"type-product","3":"status-publish","4":"has-post-thumbnail","6":"product_cat-alpine-hoejttalere","7":"product_cat-bilstereo","8":"product_cat-hoejtalere-s-serie","9":"product_cat-hoejttalere","10":"product_tag-alpine","11":"product_tag-bilstereo","12":"product_tag-hoejtalere-s-serie","13":"product_tag-hoejttalere","14":"product_tag-los","16":"first","17":"instock","18":"sale","19":"product-type-external","20":"entry","21":"content-bg","22":"loop-entry"},"_links":{"self":[{"href":"https:\/\/bilshopping.dk\/index.php?rest_route=\/wp\/v2\/product\/4451","targetHints":{"allow":["GET"]}}],"collection":[{"href":"https:\/\/bilshopping.dk\/index.php?rest_route=\/wp\/v2\/product"}],"about":[{"href":"https:\/\/bilshopping.dk\/index.php?rest_route=\/wp\/v2\/types\/product"}],"replies":[{"embeddable":true,"href":"https:\/\/bilshopping.dk\/index.php?rest_route=%2Fwp%2Fv2%2Fcomments&post=4451"}],"wp:featuredmedia":[{"embeddable":true,"href":"https:\/\/bilshopping.dk\/index.php?rest_route=\/wp\/v2\/media\/4452"}],"wp:attachment":[{"href":"https:\/\/bilshopping.dk\/index.php?rest_route=%2Fwp%2Fv2%2Fmedia&parent=4451"}],"wp:term":[{"taxonomy":"product_cat","embeddable":true,"href":"https:\/\/bilshopping.dk\/index.php?rest_route=%2Fwp%2Fv2%2Fproduct_cat&post=4451"},{"taxonomy":"product_tag","embeddable":true,"href":"https:\/\/bilshopping.dk\/index.php?rest_route=%2Fwp%2Fv2%2Fproduct_tag&post=4451"},{"taxonomy":"brand","embeddable":true,"href":"https:\/\/bilshopping.dk\/index.php?rest_route=%2Fwp%2Fv2%2Fbrand&post=4451"}],"curies":[{"name":"wp","href":"https:\/\/api.w.org\/{rel}","templated":true}]}}