{"id":4459,"date":"2023-06-23T18:48:21","date_gmt":"2023-06-23T16:48:21","guid":{"rendered":"https:\/\/bilshopping.dk\/produkt\/alpine-kte-s69g-hoejtalergrill-6x9-for-s-serie\/"},"modified":"2023-06-23T18:48:24","modified_gmt":"2023-06-23T16:48:24","slug":"alpine-kte-s69g-hoejtalergrill-6x9-for-s-serie","status":"publish","type":"product","link":"https:\/\/bilshopping.dk\/?product=alpine-kte-s69g-hoejtalergrill-6x9-for-s-serie","title":{"rendered":"Alpine KTE-S69G H\u00f8jtalergrill 6&#215;9&#8243; for S-Serie"},"content":{"rendered":"<p>Produktid er <strong>1050<\/strong> og <strong>4958043533053<\/strong><\/p>\n<h2>Anmeldelse af Alpine KTE-S69G H\u00f8jtalergrill 6&#215;9&#8243; for S-Serie<\/h2>\n<p>Se om vi har en <a href=\"https:\/\/bilshopping.dk\/592\">anmeldelse af Alpine KTE-S69G H\u00f8jtalergrill 6&#215;9&#8243; for S-Serie<\/a>.<\/p>\n","protected":false},"excerpt":{"rendered":"<p>Alpine KTE-S69G H\u00f8jtalergrill 6&#215;9&#8243; for S-Serie &#8211; H\u00f8jttaler grill til 6 x 9&#8243;(16 x 24 cm) S-Series Speaker S-S69 og S-S69C., Alpine KTE-S69G H\u00f8jtalergrill 6&#215;9&#8243; for S-Serie.<\/p>\n","protected":false},"featured_media":4460,"comment_status":"closed","ping_status":"open","template":"","meta":{"_kad_post_transparent":"","_kad_post_title":"","_kad_post_layout":"","_kad_post_sidebar_id":"","_kad_post_content_style":"","_kad_post_vertical_padding":"","_kad_post_feature":"","_kad_post_feature_position":"","_kad_post_header":false,"_kad_post_footer":false},"product_cat":[3162,3182],"product_tag":[3164,2988,3183],"brand":[],"class_list":{"0":"post-4459","1":"product","2":"type-product","3":"status-publish","4":"has-post-thumbnail","6":"product_cat-bilstereo","7":"product_cat-monteringsdele","8":"product_tag-bilstereo","9":"product_tag-los","10":"product_tag-monteringsdele","12":"first","13":"instock","14":"product-type-external","15":"entry","16":"content-bg","17":"loop-entry"},"_links":{"self":[{"href":"https:\/\/bilshopping.dk\/index.php?rest_route=\/wp\/v2\/product\/4459","targetHints":{"allow":["GET"]}}],"collection":[{"href":"https:\/\/bilshopping.dk\/index.php?rest_route=\/wp\/v2\/product"}],"about":[{"href":"https:\/\/bilshopping.dk\/index.php?rest_route=\/wp\/v2\/types\/product"}],"replies":[{"embeddable":true,"href":"https:\/\/bilshopping.dk\/index.php?rest_route=%2Fwp%2Fv2%2Fcomments&post=4459"}],"wp:featuredmedia":[{"embeddable":true,"href":"https:\/\/bilshopping.dk\/index.php?rest_route=\/wp\/v2\/media\/4460"}],"wp:attachment":[{"href":"https:\/\/bilshopping.dk\/index.php?rest_route=%2Fwp%2Fv2%2Fmedia&parent=4459"}],"wp:term":[{"taxonomy":"product_cat","embeddable":true,"href":"https:\/\/bilshopping.dk\/index.php?rest_route=%2Fwp%2Fv2%2Fproduct_cat&post=4459"},{"taxonomy":"product_tag","embeddable":true,"href":"https:\/\/bilshopping.dk\/index.php?rest_route=%2Fwp%2Fv2%2Fproduct_tag&post=4459"},{"taxonomy":"brand","embeddable":true,"href":"https:\/\/bilshopping.dk\/index.php?rest_route=%2Fwp%2Fv2%2Fbrand&post=4459"}],"curies":[{"name":"wp","href":"https:\/\/api.w.org\/{rel}","templated":true}]}}