{"id":4521,"date":"2023-06-23T18:48:38","date_gmt":"2023-06-23T16:48:38","guid":{"rendered":"https:\/\/bilshopping.dk\/produkt\/alpine-dvrf800pro-front-kamera-med-gps-og-lane-assist\/"},"modified":"2023-06-23T18:48:53","modified_gmt":"2023-06-23T16:48:53","slug":"alpine-dvrf800pro-front-kamera-med-gps-og-lane-assist","status":"publish","type":"product","link":"https:\/\/bilshopping.dk\/?product=alpine-dvrf800pro-front-kamera-med-gps-og-lane-assist","title":{"rendered":"Alpine DVRF800PRO Front Kamera med GPS og lane assist"},"content":{"rendered":"<p>Produktid er <strong>1103<\/strong> og <strong>4958043533879<\/strong><\/p>\n<h2>Anmeldelse af Alpine DVRF800PRO Front Kamera med GPS og lane assist<\/h2>\n<p>Se om vi har en <a href=\"https:\/\/bilshopping.dk\/592\">anmeldelse af Alpine DVRF800PRO Front Kamera med GPS og lane assist<\/a>.<\/p>\n","protected":false},"excerpt":{"rendered":"<p>Dette DVR-F800PRO kamera fra Alpine registrerer l\u00f8bende udsynet gennem k\u00f8ret\u00f8jets forrude. Optagelserne kan bruges som digitalt bevis i tilf\u00e6lde af trafikulykke, indbrud, p\u00e5k\u00f8rsel eller h\u00e6rv\u00e6rk.\u00c2\u00a0, Alpine DVRF800PRO Front Kamera med GPS og lane assist.<\/p>\n","protected":false},"featured_media":4522,"comment_status":"closed","ping_status":"open","template":"","meta":{"_kad_post_transparent":"","_kad_post_title":"","_kad_post_layout":"","_kad_post_sidebar_id":"","_kad_post_content_style":"","_kad_post_vertical_padding":"","_kad_post_feature":"","_kad_post_feature_position":"","_kad_post_header":false,"_kad_post_footer":false},"product_cat":[3162,3258],"product_tag":[3164,3259,2988],"brand":[],"class_list":{"0":"post-4521","1":"product","2":"type-product","3":"status-publish","4":"has-post-thumbnail","6":"product_cat-bilstereo","7":"product_cat-dash-cam","8":"product_tag-bilstereo","9":"product_tag-dash-cam","10":"product_tag-los","12":"first","13":"instock","14":"sale","15":"product-type-external","16":"entry","17":"content-bg","18":"loop-entry"},"_links":{"self":[{"href":"https:\/\/bilshopping.dk\/index.php?rest_route=\/wp\/v2\/product\/4521","targetHints":{"allow":["GET"]}}],"collection":[{"href":"https:\/\/bilshopping.dk\/index.php?rest_route=\/wp\/v2\/product"}],"about":[{"href":"https:\/\/bilshopping.dk\/index.php?rest_route=\/wp\/v2\/types\/product"}],"replies":[{"embeddable":true,"href":"https:\/\/bilshopping.dk\/index.php?rest_route=%2Fwp%2Fv2%2Fcomments&post=4521"}],"wp:featuredmedia":[{"embeddable":true,"href":"https:\/\/bilshopping.dk\/index.php?rest_route=\/wp\/v2\/media\/4522"}],"wp:attachment":[{"href":"https:\/\/bilshopping.dk\/index.php?rest_route=%2Fwp%2Fv2%2Fmedia&parent=4521"}],"wp:term":[{"taxonomy":"product_cat","embeddable":true,"href":"https:\/\/bilshopping.dk\/index.php?rest_route=%2Fwp%2Fv2%2Fproduct_cat&post=4521"},{"taxonomy":"product_tag","embeddable":true,"href":"https:\/\/bilshopping.dk\/index.php?rest_route=%2Fwp%2Fv2%2Fproduct_tag&post=4521"},{"taxonomy":"brand","embeddable":true,"href":"https:\/\/bilshopping.dk\/index.php?rest_route=%2Fwp%2Fv2%2Fbrand&post=4521"}],"curies":[{"name":"wp","href":"https:\/\/api.w.org\/{rel}","templated":true}]}}