{"id":4523,"date":"2023-06-23T18:48:38","date_gmt":"2023-06-23T16:48:38","guid":{"rendered":"https:\/\/bilshopping.dk\/produkt\/alpine-hcec1100-bakkamera-hdr-131-gr-vinkel\/"},"modified":"2023-06-23T18:48:54","modified_gmt":"2023-06-23T16:48:54","slug":"alpine-hcec1100-bakkamera-hdr-131-gr-vinkel","status":"publish","type":"product","link":"https:\/\/bilshopping.dk\/?product=alpine-hcec1100-bakkamera-hdr-131-gr-vinkel","title":{"rendered":"Alpine HCEC1100 Bakkamera  HDR 131 gr. vinkel"},"content":{"rendered":"<p>Produktid er <strong>1106<\/strong> og <strong>4958043888603<\/strong><\/p>\n<h2>Anmeldelse af Alpine HCEC1100 Bakkamera  HDR 131 gr. vinkel<\/h2>\n<p>Se om vi har en <a href=\"https:\/\/bilshopping.dk\/592\">anmeldelse af Alpine HCEC1100 Bakkamera  HDR 131 gr. vinkel<\/a>.<\/p>\n","protected":false},"excerpt":{"rendered":"<p>Alpine HCEC1100 Bakkamera \u00c2\u00a0HDR 131 gr. vinkel &#8211; Et bakkamera er en fantastisk m\u00e5de at forbedre dine parkeringskompetencer p\u00e5 og g\u00f8re dette b\u00e5de nemmere og sikrere., Alpine HCEC1100 Bakkamera  HDR 131 gr. vinkel.<\/p>\n","protected":false},"featured_media":4524,"comment_status":"closed","ping_status":"open","template":"","meta":{"_kad_post_transparent":"","_kad_post_title":"","_kad_post_layout":"","_kad_post_sidebar_id":"","_kad_post_content_style":"","_kad_post_vertical_padding":"","_kad_post_feature":"","_kad_post_feature_position":"","_kad_post_header":false,"_kad_post_footer":false},"product_cat":[3247,3162],"product_tag":[3248,3164,2988],"brand":[],"class_list":{"0":"post-4523","1":"product","2":"type-product","3":"status-publish","4":"has-post-thumbnail","6":"product_cat-bakkamera","7":"product_cat-bilstereo","8":"product_tag-bakkamera","9":"product_tag-bilstereo","10":"product_tag-los","12":"first","13":"instock","14":"sale","15":"product-type-external","16":"entry","17":"content-bg","18":"loop-entry"},"_links":{"self":[{"href":"https:\/\/bilshopping.dk\/index.php?rest_route=\/wp\/v2\/product\/4523","targetHints":{"allow":["GET"]}}],"collection":[{"href":"https:\/\/bilshopping.dk\/index.php?rest_route=\/wp\/v2\/product"}],"about":[{"href":"https:\/\/bilshopping.dk\/index.php?rest_route=\/wp\/v2\/types\/product"}],"replies":[{"embeddable":true,"href":"https:\/\/bilshopping.dk\/index.php?rest_route=%2Fwp%2Fv2%2Fcomments&post=4523"}],"wp:featuredmedia":[{"embeddable":true,"href":"https:\/\/bilshopping.dk\/index.php?rest_route=\/wp\/v2\/media\/4524"}],"wp:attachment":[{"href":"https:\/\/bilshopping.dk\/index.php?rest_route=%2Fwp%2Fv2%2Fmedia&parent=4523"}],"wp:term":[{"taxonomy":"product_cat","embeddable":true,"href":"https:\/\/bilshopping.dk\/index.php?rest_route=%2Fwp%2Fv2%2Fproduct_cat&post=4523"},{"taxonomy":"product_tag","embeddable":true,"href":"https:\/\/bilshopping.dk\/index.php?rest_route=%2Fwp%2Fv2%2Fproduct_tag&post=4523"},{"taxonomy":"brand","embeddable":true,"href":"https:\/\/bilshopping.dk\/index.php?rest_route=%2Fwp%2Fv2%2Fbrand&post=4523"}],"curies":[{"name":"wp","href":"https:\/\/api.w.org\/{rel}","templated":true}]}}