{"id":4545,"date":"2023-06-23T18:48:58","date_gmt":"2023-06-23T16:48:58","guid":{"rendered":"https:\/\/bilshopping.dk\/produkt\/alpine-kcxc250mc-vaelger-interface\/"},"modified":"2023-06-23T18:49:05","modified_gmt":"2023-06-23T16:49:05","slug":"alpine-kcxc250mc-vaelger-interface","status":"publish","type":"product","link":"https:\/\/bilshopping.dk\/?product=alpine-kcxc250mc-vaelger-interface","title":{"rendered":"Alpine KCXC250MC v\u00e6lger interface"},"content":{"rendered":"<p>Produktid er <strong>1121<\/strong> og <strong>4958043721467<\/strong><\/p>\n<h2>Anmeldelse af Alpine KCXC250MC v\u00e6lger interface<\/h2>\n<p>Se om vi har en <a href=\"https:\/\/bilshopping.dk\/592\">anmeldelse af Alpine KCXC250MC v\u00e6lger interface<\/a>.<\/p>\n","protected":false},"excerpt":{"rendered":"<p>Alpine KCXC250MC v\u00e6lger interface er en Multi-kamera omskifterboks til Alpine kameraer, som g\u00f8r det muligt at tilslutte op til tre Alpine kameraer med \u00e2\u0080\u009cdirekte\u00e2\u0080\u009d forbindelsesstik., Alpine KCXC250MC v\u00e6lger interface.<\/p>\n","protected":false},"featured_media":4546,"comment_status":"closed","ping_status":"open","template":"","meta":{"_kad_post_transparent":"","_kad_post_title":"","_kad_post_layout":"","_kad_post_sidebar_id":"","_kad_post_content_style":"","_kad_post_vertical_padding":"","_kad_post_feature":"","_kad_post_feature_position":"","_kad_post_header":false,"_kad_post_footer":false},"product_cat":[3247,3162],"product_tag":[3248,3164,2988],"brand":[],"class_list":{"0":"post-4545","1":"product","2":"type-product","3":"status-publish","4":"has-post-thumbnail","6":"product_cat-bakkamera","7":"product_cat-bilstereo","8":"product_tag-bakkamera","9":"product_tag-bilstereo","10":"product_tag-los","12":"first","13":"instock","14":"sale","15":"product-type-external","16":"entry","17":"content-bg","18":"loop-entry"},"_links":{"self":[{"href":"https:\/\/bilshopping.dk\/index.php?rest_route=\/wp\/v2\/product\/4545","targetHints":{"allow":["GET"]}}],"collection":[{"href":"https:\/\/bilshopping.dk\/index.php?rest_route=\/wp\/v2\/product"}],"about":[{"href":"https:\/\/bilshopping.dk\/index.php?rest_route=\/wp\/v2\/types\/product"}],"replies":[{"embeddable":true,"href":"https:\/\/bilshopping.dk\/index.php?rest_route=%2Fwp%2Fv2%2Fcomments&post=4545"}],"wp:featuredmedia":[{"embeddable":true,"href":"https:\/\/bilshopping.dk\/index.php?rest_route=\/wp\/v2\/media\/4546"}],"wp:attachment":[{"href":"https:\/\/bilshopping.dk\/index.php?rest_route=%2Fwp%2Fv2%2Fmedia&parent=4545"}],"wp:term":[{"taxonomy":"product_cat","embeddable":true,"href":"https:\/\/bilshopping.dk\/index.php?rest_route=%2Fwp%2Fv2%2Fproduct_cat&post=4545"},{"taxonomy":"product_tag","embeddable":true,"href":"https:\/\/bilshopping.dk\/index.php?rest_route=%2Fwp%2Fv2%2Fproduct_tag&post=4545"},{"taxonomy":"brand","embeddable":true,"href":"https:\/\/bilshopping.dk\/index.php?rest_route=%2Fwp%2Fv2%2Fbrand&post=4545"}],"curies":[{"name":"wp","href":"https:\/\/api.w.org\/{rel}","templated":true}]}}