{"id":4603,"date":"2023-06-23T18:49:21","date_gmt":"2023-06-23T16:49:21","guid":{"rendered":"https:\/\/bilshopping.dk\/produkt\/alpine-ktxpre1-usb-kabel-til-pre-out\/"},"modified":"2023-06-23T18:49:34","modified_gmt":"2023-06-23T16:49:34","slug":"alpine-ktxpre1-usb-kabel-til-pre-out","status":"publish","type":"product","link":"https:\/\/bilshopping.dk\/?product=alpine-ktxpre1-usb-kabel-til-pre-out","title":{"rendered":"Alpine KTXPRE1 USB kabel til pre-out"},"content":{"rendered":"<p>Produktid er <strong>1157<\/strong> og <strong>5709255068371<\/strong><\/p>\n<h2>Anmeldelse af Alpine KTXPRE1 USB kabel til pre-out<\/h2>\n<p>Se om vi har en <a href=\"https:\/\/bilshopping.dk\/592\">anmeldelse af Alpine KTXPRE1 USB kabel til pre-out<\/a>.<\/p>\n","protected":false},"excerpt":{"rendered":"<p>Alpine KTXPRE1 USB kabel til pre-out &#8211; Dette kabel er n\u00f8dvendigt, hvis du \u00f8nsker at tilkoble eksterne forst\u00e6rkere til dit Alpine Style system i VW Golf 7, VW Golf 6, Skoda Octvia og Fiat Ducato., Alpine KTXPRE1 USB kabel til pre-out.<\/p>\n","protected":false},"featured_media":4604,"comment_status":"closed","ping_status":"open","template":"","meta":{"_kad_post_transparent":"","_kad_post_title":"","_kad_post_layout":"","_kad_post_sidebar_id":"","_kad_post_content_style":"","_kad_post_vertical_padding":"","_kad_post_feature":"","_kad_post_feature_position":"","_kad_post_header":false,"_kad_post_footer":false},"product_cat":[3162,3182],"product_tag":[3164,2988,3183],"brand":[],"class_list":{"0":"post-4603","1":"product","2":"type-product","3":"status-publish","4":"has-post-thumbnail","6":"product_cat-bilstereo","7":"product_cat-monteringsdele","8":"product_tag-bilstereo","9":"product_tag-los","10":"product_tag-monteringsdele","12":"first","13":"instock","14":"product-type-external","15":"entry","16":"content-bg","17":"loop-entry"},"_links":{"self":[{"href":"https:\/\/bilshopping.dk\/index.php?rest_route=\/wp\/v2\/product\/4603","targetHints":{"allow":["GET"]}}],"collection":[{"href":"https:\/\/bilshopping.dk\/index.php?rest_route=\/wp\/v2\/product"}],"about":[{"href":"https:\/\/bilshopping.dk\/index.php?rest_route=\/wp\/v2\/types\/product"}],"replies":[{"embeddable":true,"href":"https:\/\/bilshopping.dk\/index.php?rest_route=%2Fwp%2Fv2%2Fcomments&post=4603"}],"wp:featuredmedia":[{"embeddable":true,"href":"https:\/\/bilshopping.dk\/index.php?rest_route=\/wp\/v2\/media\/4604"}],"wp:attachment":[{"href":"https:\/\/bilshopping.dk\/index.php?rest_route=%2Fwp%2Fv2%2Fmedia&parent=4603"}],"wp:term":[{"taxonomy":"product_cat","embeddable":true,"href":"https:\/\/bilshopping.dk\/index.php?rest_route=%2Fwp%2Fv2%2Fproduct_cat&post=4603"},{"taxonomy":"product_tag","embeddable":true,"href":"https:\/\/bilshopping.dk\/index.php?rest_route=%2Fwp%2Fv2%2Fproduct_tag&post=4603"},{"taxonomy":"brand","embeddable":true,"href":"https:\/\/bilshopping.dk\/index.php?rest_route=%2Fwp%2Fv2%2Fbrand&post=4603"}],"curies":[{"name":"wp","href":"https:\/\/api.w.org\/{rel}","templated":true}]}}