{"id":4657,"date":"2023-06-23T18:49:53","date_gmt":"2023-06-23T16:49:53","guid":{"rendered":"https:\/\/bilshopping.dk\/produkt\/connection-sli4-2-hoejtaler-til-rca-signal-converter\/"},"modified":"2023-06-23T18:49:59","modified_gmt":"2023-06-23T16:49:59","slug":"connection-sli4-2-hoejtaler-til-rca-signal-converter","status":"publish","type":"product","link":"https:\/\/bilshopping.dk\/?product=connection-sli4-2-hoejtaler-til-rca-signal-converter","title":{"rendered":"Connection SLI4.2 h\u00f8jtaler til RCA signal converter"},"content":{"rendered":"<p>Produktid er <strong>1199<\/strong> og <strong>8018823131537<\/strong><\/p>\n<h2>Anmeldelse af Connection SLI4.2 h\u00f8jtaler til RCA signal converter<\/h2>\n<p>Se om vi har en <a href=\"https:\/\/bilshopping.dk\/592\">anmeldelse af Connection SLI4.2 h\u00f8jtaler til RCA signal converter<\/a>.<\/p>\n","protected":false},"excerpt":{"rendered":"<p>H\u00f8jttalerkonverter der omdanner h\u00f8jttalersignaler, s\u00e5 man kan tilslutte enhver type forst\u00e6rker til den originale bilradio.\u00c2\u00a0SLI4.2 er en af de f\u00e5 fuldfrekvens konvertere der findes p\u00e5 markedet og med en b\u00e5ndbredde p\u00e5 10Hz &#8211; 75kHz er man sikker p\u00e5 at f\u00e5 he, Connection SLI4.2 h\u00f8jtaler til RCA signal converter.<\/p>\n","protected":false},"featured_media":4658,"comment_status":"closed","ping_status":"open","template":"","meta":{"_kad_post_transparent":"","_kad_post_title":"","_kad_post_layout":"","_kad_post_sidebar_id":"","_kad_post_content_style":"","_kad_post_vertical_padding":"","_kad_post_feature":"","_kad_post_feature_position":"","_kad_post_header":false,"_kad_post_footer":false},"product_cat":[3162,3182],"product_tag":[3164,2988,3183],"brand":[],"class_list":{"0":"post-4657","1":"product","2":"type-product","3":"status-publish","4":"has-post-thumbnail","6":"product_cat-bilstereo","7":"product_cat-monteringsdele","8":"product_tag-bilstereo","9":"product_tag-los","10":"product_tag-monteringsdele","12":"first","13":"instock","14":"product-type-external","15":"entry","16":"content-bg","17":"loop-entry"},"_links":{"self":[{"href":"https:\/\/bilshopping.dk\/index.php?rest_route=\/wp\/v2\/product\/4657","targetHints":{"allow":["GET"]}}],"collection":[{"href":"https:\/\/bilshopping.dk\/index.php?rest_route=\/wp\/v2\/product"}],"about":[{"href":"https:\/\/bilshopping.dk\/index.php?rest_route=\/wp\/v2\/types\/product"}],"replies":[{"embeddable":true,"href":"https:\/\/bilshopping.dk\/index.php?rest_route=%2Fwp%2Fv2%2Fcomments&post=4657"}],"wp:featuredmedia":[{"embeddable":true,"href":"https:\/\/bilshopping.dk\/index.php?rest_route=\/wp\/v2\/media\/4658"}],"wp:attachment":[{"href":"https:\/\/bilshopping.dk\/index.php?rest_route=%2Fwp%2Fv2%2Fmedia&parent=4657"}],"wp:term":[{"taxonomy":"product_cat","embeddable":true,"href":"https:\/\/bilshopping.dk\/index.php?rest_route=%2Fwp%2Fv2%2Fproduct_cat&post=4657"},{"taxonomy":"product_tag","embeddable":true,"href":"https:\/\/bilshopping.dk\/index.php?rest_route=%2Fwp%2Fv2%2Fproduct_tag&post=4657"},{"taxonomy":"brand","embeddable":true,"href":"https:\/\/bilshopping.dk\/index.php?rest_route=%2Fwp%2Fv2%2Fbrand&post=4657"}],"curies":[{"name":"wp","href":"https:\/\/api.w.org\/{rel}","templated":true}]}}