{"id":4669,"date":"2023-06-23T18:49:53","date_gmt":"2023-06-23T16:49:53","guid":{"rendered":"https:\/\/bilshopping.dk\/produkt\/alpine-s-a60m-monoblok-forstaerker-s-serie\/"},"modified":"2023-06-23T18:50:04","modified_gmt":"2023-06-23T16:50:04","slug":"alpine-s-a60m-monoblok-forstaerker-s-serie","status":"publish","type":"product","link":"https:\/\/bilshopping.dk\/?product=alpine-s-a60m-monoblok-forstaerker-s-serie","title":{"rendered":"Alpine S-A60M monoblok forst\u00e6rker, S-serie"},"content":{"rendered":"<p>Produktid er <strong>1211<\/strong> og <strong>4958043533756<\/strong><\/p>\n<h2>Anmeldelse af Alpine S-A60M monoblok forst\u00e6rker, S-serie<\/h2>\n<p>Se om vi har en <a href=\"https:\/\/bilshopping.dk\/592\">anmeldelse af Alpine S-A60M monoblok forst\u00e6rker, S-serie<\/a>.<\/p>\n","protected":false},"excerpt":{"rendered":"<p>Alpine S-A60M\u00c2\u00a0monoblok forst\u00e6rker, S-serie &#8211; Den nye R-serie forst\u00e6rkere giver en gennemf\u00f8rt lydoplevelse i din bil. Brug dem sammen med R-Series h\u00f8jttalere og forst\u00e6rkere for en sjov (og h\u00f8j) k\u00f8retur., Alpine S-A60M monoblok forst\u00e6rker, S-serie.<\/p>\n","protected":false},"featured_media":4670,"comment_status":"closed","ping_status":"open","template":"","meta":{"_kad_post_transparent":"","_kad_post_title":"","_kad_post_layout":"","_kad_post_sidebar_id":"","_kad_post_content_style":"","_kad_post_vertical_padding":"","_kad_post_feature":"","_kad_post_feature_position":"","_kad_post_header":false,"_kad_post_footer":false},"product_cat":[3162,3176],"product_tag":[3164,3177,2988],"brand":[],"class_list":{"0":"post-4669","1":"product","2":"type-product","3":"status-publish","4":"has-post-thumbnail","6":"product_cat-bilstereo","7":"product_cat-forstaerkere","8":"product_tag-bilstereo","9":"product_tag-forstaerkere","10":"product_tag-los","12":"first","13":"instock","14":"sale","15":"product-type-external","16":"entry","17":"content-bg","18":"loop-entry"},"_links":{"self":[{"href":"https:\/\/bilshopping.dk\/index.php?rest_route=\/wp\/v2\/product\/4669","targetHints":{"allow":["GET"]}}],"collection":[{"href":"https:\/\/bilshopping.dk\/index.php?rest_route=\/wp\/v2\/product"}],"about":[{"href":"https:\/\/bilshopping.dk\/index.php?rest_route=\/wp\/v2\/types\/product"}],"replies":[{"embeddable":true,"href":"https:\/\/bilshopping.dk\/index.php?rest_route=%2Fwp%2Fv2%2Fcomments&post=4669"}],"wp:featuredmedia":[{"embeddable":true,"href":"https:\/\/bilshopping.dk\/index.php?rest_route=\/wp\/v2\/media\/4670"}],"wp:attachment":[{"href":"https:\/\/bilshopping.dk\/index.php?rest_route=%2Fwp%2Fv2%2Fmedia&parent=4669"}],"wp:term":[{"taxonomy":"product_cat","embeddable":true,"href":"https:\/\/bilshopping.dk\/index.php?rest_route=%2Fwp%2Fv2%2Fproduct_cat&post=4669"},{"taxonomy":"product_tag","embeddable":true,"href":"https:\/\/bilshopping.dk\/index.php?rest_route=%2Fwp%2Fv2%2Fproduct_tag&post=4669"},{"taxonomy":"brand","embeddable":true,"href":"https:\/\/bilshopping.dk\/index.php?rest_route=%2Fwp%2Fv2%2Fbrand&post=4669"}],"curies":[{"name":"wp","href":"https:\/\/api.w.org\/{rel}","templated":true}]}}