{"id":4681,"date":"2023-06-23T18:49:53","date_gmt":"2023-06-23T16:49:53","guid":{"rendered":"https:\/\/bilshopping.dk\/produkt\/alpine-ute-204dab-turner-ipod-bluetooth-dab\/"},"modified":"2023-06-23T18:50:09","modified_gmt":"2023-06-23T16:50:09","slug":"alpine-ute-204dab-turner-ipod-bluetooth-dab","status":"publish","type":"product","link":"https:\/\/bilshopping.dk\/?product=alpine-ute-204dab-turner-ipod-bluetooth-dab","title":{"rendered":"Alpine UTE-204DAB Turner\/Ipod Bluetooth &#038; DAB"},"content":{"rendered":"<p>Produktid er <strong>1222<\/strong> og <strong>4958043888511<\/strong><\/p>\n<h2>Anmeldelse af Alpine UTE-204DAB Turner\/Ipod Bluetooth &#038; DAB<\/h2>\n<p>Se om vi har en <a href=\"https:\/\/bilshopping.dk\/592\">anmeldelse af Alpine UTE-204DAB Turner\/Ipod Bluetooth &#038; DAB<\/a>.<\/p>\n","protected":false},"excerpt":{"rendered":"<p>Alpine UTE-204DAB Turner\/Ipod Bluetooth &#038; DAB\u00c2\u00a0er en overkommelig en-DIN-l\u00f8sning, der forst\u00e6rker din lyd til Alpine-kvalitet og tilbyder mange tilslutningsmuligheder, der holder dig underholdt p\u00e5 vejen., Alpine UTE-204DAB Turner\/Ipod Bluetooth &#038; DAB.<\/p>\n","protected":false},"featured_media":4682,"comment_status":"closed","ping_status":"open","template":"","meta":{"_kad_post_transparent":"","_kad_post_title":"","_kad_post_layout":"","_kad_post_sidebar_id":"","_kad_post_content_style":"","_kad_post_vertical_padding":"","_kad_post_feature":"","_kad_post_feature_position":"","_kad_post_header":false,"_kad_post_footer":false},"product_cat":[3162,3235],"product_tag":[3164,3236,2988],"brand":[],"class_list":{"0":"post-4681","1":"product","2":"type-product","3":"status-publish","4":"has-post-thumbnail","6":"product_cat-bilstereo","7":"product_cat-dab-radioer","8":"product_tag-bilstereo","9":"product_tag-dab-radioer","10":"product_tag-los","12":"first","13":"instock","14":"sale","15":"product-type-external","16":"entry","17":"content-bg","18":"loop-entry"},"_links":{"self":[{"href":"https:\/\/bilshopping.dk\/index.php?rest_route=\/wp\/v2\/product\/4681","targetHints":{"allow":["GET"]}}],"collection":[{"href":"https:\/\/bilshopping.dk\/index.php?rest_route=\/wp\/v2\/product"}],"about":[{"href":"https:\/\/bilshopping.dk\/index.php?rest_route=\/wp\/v2\/types\/product"}],"replies":[{"embeddable":true,"href":"https:\/\/bilshopping.dk\/index.php?rest_route=%2Fwp%2Fv2%2Fcomments&post=4681"}],"wp:featuredmedia":[{"embeddable":true,"href":"https:\/\/bilshopping.dk\/index.php?rest_route=\/wp\/v2\/media\/4682"}],"wp:attachment":[{"href":"https:\/\/bilshopping.dk\/index.php?rest_route=%2Fwp%2Fv2%2Fmedia&parent=4681"}],"wp:term":[{"taxonomy":"product_cat","embeddable":true,"href":"https:\/\/bilshopping.dk\/index.php?rest_route=%2Fwp%2Fv2%2Fproduct_cat&post=4681"},{"taxonomy":"product_tag","embeddable":true,"href":"https:\/\/bilshopping.dk\/index.php?rest_route=%2Fwp%2Fv2%2Fproduct_tag&post=4681"},{"taxonomy":"brand","embeddable":true,"href":"https:\/\/bilshopping.dk\/index.php?rest_route=%2Fwp%2Fv2%2Fbrand&post=4681"}],"curies":[{"name":"wp","href":"https:\/\/api.w.org\/{rel}","templated":true}]}}