{"id":4687,"date":"2023-06-23T18:50:11","date_gmt":"2023-06-23T16:50:11","guid":{"rendered":"https:\/\/bilshopping.dk\/produkt\/alpine-x-s65-hoejtaler-65-coaxial-x-serie\/"},"modified":"2023-06-23T18:50:11","modified_gmt":"2023-06-23T16:50:11","slug":"alpine-x-s65-hoejtaler-65-coaxial-x-serie","status":"publish","type":"product","link":"https:\/\/bilshopping.dk\/?product=alpine-x-s65-hoejtaler-65-coaxial-x-serie","title":{"rendered":"Alpine X-S65 H\u00f8jtaler 6,5&#8243; Coaxial, X-Serie"},"content":{"rendered":"<p>Produktid er <strong>1227<\/strong> og <strong>4958043550944<\/strong><\/p>\n<h2>Anmeldelse af Alpine X-S65 H\u00f8jtaler 6,5&#8243; Coaxial, X-Serie<\/h2>\n<p>Se om vi har en <a href=\"https:\/\/bilshopping.dk\/592\">anmeldelse af Alpine X-S65 H\u00f8jtaler 6,5&#8243; Coaxial, X-Serie<\/a>.<\/p>\n","protected":false},"excerpt":{"rendered":"<p>6 \u00c2\u00bd&#8221; (16,5 cm) koaksial 2-vejs X-serie h\u00f8jttalere  &#8211;  X-S65. Alpine introducerer den helt nye X-serie af h\u00f8jtydende h\u00f8jttalere og forst\u00e6rkere. Disse produkter er udviklet og indstillet, til at v\u00e6re et perfekt match for ekstraordin\u00e6r dynamik, realistisk l, Alpine X-S65 H\u00f8jtaler 6,5&#8243; Coaxial, X-Serie.<\/p>\n","protected":false},"featured_media":4688,"comment_status":"closed","ping_status":"open","template":"","meta":{"_kad_post_transparent":"","_kad_post_title":"","_kad_post_layout":"","_kad_post_sidebar_id":"","_kad_post_content_style":"","_kad_post_vertical_padding":"","_kad_post_feature":"","_kad_post_feature_position":"","_kad_post_header":false,"_kad_post_footer":false},"product_cat":[3162,3180],"product_tag":[3164,3181,2988],"brand":[],"class_list":{"0":"post-4687","1":"product","2":"type-product","3":"status-publish","4":"has-post-thumbnail","6":"product_cat-bilstereo","7":"product_cat-hoejttalere","8":"product_tag-bilstereo","9":"product_tag-hoejttalere","10":"product_tag-los","12":"first","13":"instock","14":"sale","15":"product-type-external","16":"entry","17":"content-bg","18":"loop-entry"},"_links":{"self":[{"href":"https:\/\/bilshopping.dk\/index.php?rest_route=\/wp\/v2\/product\/4687","targetHints":{"allow":["GET"]}}],"collection":[{"href":"https:\/\/bilshopping.dk\/index.php?rest_route=\/wp\/v2\/product"}],"about":[{"href":"https:\/\/bilshopping.dk\/index.php?rest_route=\/wp\/v2\/types\/product"}],"replies":[{"embeddable":true,"href":"https:\/\/bilshopping.dk\/index.php?rest_route=%2Fwp%2Fv2%2Fcomments&post=4687"}],"wp:featuredmedia":[{"embeddable":true,"href":"https:\/\/bilshopping.dk\/index.php?rest_route=\/wp\/v2\/media\/4688"}],"wp:attachment":[{"href":"https:\/\/bilshopping.dk\/index.php?rest_route=%2Fwp%2Fv2%2Fmedia&parent=4687"}],"wp:term":[{"taxonomy":"product_cat","embeddable":true,"href":"https:\/\/bilshopping.dk\/index.php?rest_route=%2Fwp%2Fv2%2Fproduct_cat&post=4687"},{"taxonomy":"product_tag","embeddable":true,"href":"https:\/\/bilshopping.dk\/index.php?rest_route=%2Fwp%2Fv2%2Fproduct_tag&post=4687"},{"taxonomy":"brand","embeddable":true,"href":"https:\/\/bilshopping.dk\/index.php?rest_route=%2Fwp%2Fv2%2Fbrand&post=4687"}],"curies":[{"name":"wp","href":"https:\/\/api.w.org\/{rel}","templated":true}]}}