{"id":4708,"date":"2023-06-23T18:50:11","date_gmt":"2023-06-23T16:50:11","guid":{"rendered":"https:\/\/bilshopping.dk\/produkt\/bardahl-karburator-system-rens-300-ml\/"},"modified":"2023-06-23T18:50:18","modified_gmt":"2023-06-23T16:50:18","slug":"bardahl-karburator-system-rens-300-ml","status":"publish","type":"product","link":"https:\/\/bilshopping.dk\/?product=bardahl-karburator-system-rens-300-ml","title":{"rendered":"Bardahl Karburator &#038; System rens 300 ml."},"content":{"rendered":"<p>Produktid er <strong>1241<\/strong> og <strong><\/strong><\/p>\n<h2>Anmeldelse af Bardahl Karburator &#038; System rens 300 ml.<\/h2>\n<p>Se om vi har en <a href=\"https:\/\/bilshopping.dk\/592\">anmeldelse af Bardahl Karburator &#038; System rens 300 ml.<\/a>.<\/p>\n","protected":false},"excerpt":{"rendered":"<p>Bardahl Karburator &#038; System rens 300 ml. Fjerner diverse bel\u00e6gninger af gummi- og kulstof-aflejringer m.m. fra br\u00e6ndstofsystem, karburator, ventiler, dyser og forbr\u00e6ndingskamre,<br \/>\nhvilket\u00c2\u00a0forbedrer br\u00e6ndstof\u00f8konomien samt renser br\u00e6ndstofsystemet., Bardahl Karburator &#038; System rens 300 ml..<\/p>\n","protected":false},"featured_media":4709,"comment_status":"closed","ping_status":"open","template":"","meta":{"_kad_post_transparent":"","_kad_post_title":"","_kad_post_layout":"","_kad_post_sidebar_id":"","_kad_post_content_style":"","_kad_post_vertical_padding":"","_kad_post_feature":"","_kad_post_feature_position":"","_kad_post_header":false,"_kad_post_footer":false},"product_cat":[3135,3127],"product_tag":[3136,2988,3129],"brand":[],"class_list":{"0":"post-4708","1":"product","2":"type-product","3":"status-publish","4":"has-post-thumbnail","6":"product_cat-additiver","7":"product_cat-olie-kemi","8":"product_tag-additiver","9":"product_tag-los","10":"product_tag-olie-kemi","12":"first","13":"instock","14":"sale","15":"product-type-external","16":"entry","17":"content-bg","18":"loop-entry"},"_links":{"self":[{"href":"https:\/\/bilshopping.dk\/index.php?rest_route=\/wp\/v2\/product\/4708","targetHints":{"allow":["GET"]}}],"collection":[{"href":"https:\/\/bilshopping.dk\/index.php?rest_route=\/wp\/v2\/product"}],"about":[{"href":"https:\/\/bilshopping.dk\/index.php?rest_route=\/wp\/v2\/types\/product"}],"replies":[{"embeddable":true,"href":"https:\/\/bilshopping.dk\/index.php?rest_route=%2Fwp%2Fv2%2Fcomments&post=4708"}],"wp:featuredmedia":[{"embeddable":true,"href":"https:\/\/bilshopping.dk\/index.php?rest_route=\/wp\/v2\/media\/4709"}],"wp:attachment":[{"href":"https:\/\/bilshopping.dk\/index.php?rest_route=%2Fwp%2Fv2%2Fmedia&parent=4708"}],"wp:term":[{"taxonomy":"product_cat","embeddable":true,"href":"https:\/\/bilshopping.dk\/index.php?rest_route=%2Fwp%2Fv2%2Fproduct_cat&post=4708"},{"taxonomy":"product_tag","embeddable":true,"href":"https:\/\/bilshopping.dk\/index.php?rest_route=%2Fwp%2Fv2%2Fproduct_tag&post=4708"},{"taxonomy":"brand","embeddable":true,"href":"https:\/\/bilshopping.dk\/index.php?rest_route=%2Fwp%2Fv2%2Fbrand&post=4708"}],"curies":[{"name":"wp","href":"https:\/\/api.w.org\/{rel}","templated":true}]}}