{"id":4784,"date":"2023-06-23T18:50:43","date_gmt":"2023-06-23T16:50:43","guid":{"rendered":"https:\/\/bilshopping.dk\/produkt\/bardahl-dispenser-til-10-ltr-haandrens\/"},"modified":"2023-06-23T18:50:49","modified_gmt":"2023-06-23T16:50:49","slug":"bardahl-dispenser-til-10-ltr-haandrens","status":"publish","type":"product","link":"https:\/\/bilshopping.dk\/?product=bardahl-dispenser-til-10-ltr-haandrens","title":{"rendered":"Bardahl Dispenser Til 10 ltr. h\u00e5ndrens"},"content":{"rendered":"<p>Produktid er <strong>1271<\/strong> og <strong><\/strong><\/p>\n<h2>Anmeldelse af Bardahl Dispenser Til 10 ltr. h\u00e5ndrens<\/h2>\n<p>Se om vi har en <a href=\"https:\/\/bilshopping.dk\/592\">anmeldelse af Bardahl Dispenser Til 10 ltr. h\u00e5ndrens<\/a>.<\/p>\n","protected":false},"excerpt":{"rendered":"<p>Bardahl Dispenser Til 10 ltr. h\u00e5ndrens er en dispenser i metal til Bardahl h\u00e5ndrens.\u00c2\u00a0Passer kun til 10 ltr. beholder, Bardahl Dispenser Til 10 ltr. h\u00e5ndrens.<\/p>\n","protected":false},"featured_media":4785,"comment_status":"closed","ping_status":"open","template":"","meta":{"_kad_post_transparent":"","_kad_post_title":"","_kad_post_layout":"","_kad_post_sidebar_id":"","_kad_post_content_style":"","_kad_post_vertical_padding":"","_kad_post_feature":"","_kad_post_feature_position":"","_kad_post_header":false,"_kad_post_footer":false},"product_cat":[3266,3127],"product_tag":[3267,2988,3129],"brand":[],"class_list":{"0":"post-4784","1":"product","2":"type-product","3":"status-publish","4":"has-post-thumbnail","6":"product_cat-haandrens","7":"product_cat-olie-kemi","8":"product_tag-haandrens","9":"product_tag-los","10":"product_tag-olie-kemi","12":"first","13":"instock","14":"sale","15":"product-type-external","16":"entry","17":"content-bg","18":"loop-entry"},"_links":{"self":[{"href":"https:\/\/bilshopping.dk\/index.php?rest_route=\/wp\/v2\/product\/4784","targetHints":{"allow":["GET"]}}],"collection":[{"href":"https:\/\/bilshopping.dk\/index.php?rest_route=\/wp\/v2\/product"}],"about":[{"href":"https:\/\/bilshopping.dk\/index.php?rest_route=\/wp\/v2\/types\/product"}],"replies":[{"embeddable":true,"href":"https:\/\/bilshopping.dk\/index.php?rest_route=%2Fwp%2Fv2%2Fcomments&post=4784"}],"wp:featuredmedia":[{"embeddable":true,"href":"https:\/\/bilshopping.dk\/index.php?rest_route=\/wp\/v2\/media\/4785"}],"wp:attachment":[{"href":"https:\/\/bilshopping.dk\/index.php?rest_route=%2Fwp%2Fv2%2Fmedia&parent=4784"}],"wp:term":[{"taxonomy":"product_cat","embeddable":true,"href":"https:\/\/bilshopping.dk\/index.php?rest_route=%2Fwp%2Fv2%2Fproduct_cat&post=4784"},{"taxonomy":"product_tag","embeddable":true,"href":"https:\/\/bilshopping.dk\/index.php?rest_route=%2Fwp%2Fv2%2Fproduct_tag&post=4784"},{"taxonomy":"brand","embeddable":true,"href":"https:\/\/bilshopping.dk\/index.php?rest_route=%2Fwp%2Fv2%2Fbrand&post=4784"}],"curies":[{"name":"wp","href":"https:\/\/api.w.org\/{rel}","templated":true}]}}