{"id":4804,"date":"2023-06-23T18:50:58","date_gmt":"2023-06-23T16:50:58","guid":{"rendered":"https:\/\/bilshopping.dk\/produkt\/bardahl-hobbyolie-100-ml\/"},"modified":"2023-06-23T18:50:59","modified_gmt":"2023-06-23T16:50:59","slug":"bardahl-hobbyolie-100-ml","status":"publish","type":"product","link":"https:\/\/bilshopping.dk\/?product=bardahl-hobbyolie-100-ml","title":{"rendered":"Bardahl Hobbyolie 100 ml."},"content":{"rendered":"<p>Produktid er <strong>1279<\/strong> og <strong>5015794530010<\/strong><\/p>\n<h2>Anmeldelse af Bardahl Hobbyolie 100 ml.<\/h2>\n<p>Se om vi har en <a href=\"https:\/\/bilshopping.dk\/592\">anmeldelse af Bardahl Hobbyolie 100 ml.<\/a>.<\/p>\n","protected":false},"excerpt":{"rendered":"<p>Bardahl Hobbyolie 100 ml. er det ideelle sm\u00f8remiddel til elektromotorer, cykler, skrivemaskiner, fiskegrej, symaskiner, l\u00e5se og pl\u00e6neklippere<br \/>\n\u00c2\u00a0, Bardahl Hobbyolie 100 ml..<\/p>\n","protected":false},"featured_media":4805,"comment_status":"closed","ping_status":"open","template":"","meta":{"_kad_post_transparent":"","_kad_post_title":"","_kad_post_layout":"","_kad_post_sidebar_id":"","_kad_post_content_style":"","_kad_post_vertical_padding":"","_kad_post_feature":"","_kad_post_feature_position":"","_kad_post_header":false,"_kad_post_footer":false},"product_cat":[3127,3137],"product_tag":[2988,3129,3138],"brand":[],"class_list":{"0":"post-4804","1":"product","2":"type-product","3":"status-publish","4":"has-post-thumbnail","6":"product_cat-olie-kemi","7":"product_cat-smoeremidler","8":"product_tag-los","9":"product_tag-olie-kemi","10":"product_tag-smoeremidler","12":"first","13":"instock","14":"sale","15":"product-type-external","16":"entry","17":"content-bg","18":"loop-entry"},"_links":{"self":[{"href":"https:\/\/bilshopping.dk\/index.php?rest_route=\/wp\/v2\/product\/4804","targetHints":{"allow":["GET"]}}],"collection":[{"href":"https:\/\/bilshopping.dk\/index.php?rest_route=\/wp\/v2\/product"}],"about":[{"href":"https:\/\/bilshopping.dk\/index.php?rest_route=\/wp\/v2\/types\/product"}],"replies":[{"embeddable":true,"href":"https:\/\/bilshopping.dk\/index.php?rest_route=%2Fwp%2Fv2%2Fcomments&post=4804"}],"wp:featuredmedia":[{"embeddable":true,"href":"https:\/\/bilshopping.dk\/index.php?rest_route=\/wp\/v2\/media\/4805"}],"wp:attachment":[{"href":"https:\/\/bilshopping.dk\/index.php?rest_route=%2Fwp%2Fv2%2Fmedia&parent=4804"}],"wp:term":[{"taxonomy":"product_cat","embeddable":true,"href":"https:\/\/bilshopping.dk\/index.php?rest_route=%2Fwp%2Fv2%2Fproduct_cat&post=4804"},{"taxonomy":"product_tag","embeddable":true,"href":"https:\/\/bilshopping.dk\/index.php?rest_route=%2Fwp%2Fv2%2Fproduct_tag&post=4804"},{"taxonomy":"brand","embeddable":true,"href":"https:\/\/bilshopping.dk\/index.php?rest_route=%2Fwp%2Fv2%2Fbrand&post=4804"}],"curies":[{"name":"wp","href":"https:\/\/api.w.org\/{rel}","templated":true}]}}