{"id":4806,"date":"2023-06-23T18:50:58","date_gmt":"2023-06-23T16:50:58","guid":{"rendered":"https:\/\/bilshopping.dk\/produkt\/bardahl-kaedespray-bio-bio-chain-lube-400-ml\/"},"modified":"2023-06-23T18:51:00","modified_gmt":"2023-06-23T16:51:00","slug":"bardahl-kaedespray-bio-bio-chain-lube-400-ml","status":"publish","type":"product","link":"https:\/\/bilshopping.dk\/?product=bardahl-kaedespray-bio-bio-chain-lube-400-ml","title":{"rendered":"Bardahl K\u00e6despray Bio (Bio Chain Lube) 400 ml."},"content":{"rendered":"<p>Produktid er <strong>1280<\/strong> og <strong><\/strong><\/p>\n<h2>Anmeldelse af Bardahl K\u00e6despray Bio (Bio Chain Lube) 400 ml.<\/h2>\n<p>Se om vi har en <a href=\"https:\/\/bilshopping.dk\/592\">anmeldelse af Bardahl K\u00e6despray Bio (Bio Chain Lube) 400 ml.<\/a>.<\/p>\n","protected":false},"excerpt":{"rendered":"<p>Bardahl K\u00e6despray Bio (Bio Chain Lube) 400 ml har en fremragende sm\u00f8reevne, tr\u00e6nger ind overalt p\u00e5 k\u00e6den, ogs\u00e5 under rullerne. Forhindrer rust og korrosion, Bardahl K\u00e6despray Bio (Bio Chain Lube) 400 ml..<\/p>\n","protected":false},"featured_media":4807,"comment_status":"closed","ping_status":"open","template":"","meta":{"_kad_post_transparent":"","_kad_post_title":"","_kad_post_layout":"","_kad_post_sidebar_id":"","_kad_post_content_style":"","_kad_post_vertical_padding":"","_kad_post_feature":"","_kad_post_feature_position":"","_kad_post_header":false,"_kad_post_footer":false},"product_cat":[3127,3137],"product_tag":[2988,3129,3138],"brand":[],"class_list":{"0":"post-4806","1":"product","2":"type-product","3":"status-publish","4":"has-post-thumbnail","6":"product_cat-olie-kemi","7":"product_cat-smoeremidler","8":"product_tag-los","9":"product_tag-olie-kemi","10":"product_tag-smoeremidler","12":"first","13":"instock","14":"sale","15":"product-type-external","16":"entry","17":"content-bg","18":"loop-entry"},"_links":{"self":[{"href":"https:\/\/bilshopping.dk\/index.php?rest_route=\/wp\/v2\/product\/4806","targetHints":{"allow":["GET"]}}],"collection":[{"href":"https:\/\/bilshopping.dk\/index.php?rest_route=\/wp\/v2\/product"}],"about":[{"href":"https:\/\/bilshopping.dk\/index.php?rest_route=\/wp\/v2\/types\/product"}],"replies":[{"embeddable":true,"href":"https:\/\/bilshopping.dk\/index.php?rest_route=%2Fwp%2Fv2%2Fcomments&post=4806"}],"wp:featuredmedia":[{"embeddable":true,"href":"https:\/\/bilshopping.dk\/index.php?rest_route=\/wp\/v2\/media\/4807"}],"wp:attachment":[{"href":"https:\/\/bilshopping.dk\/index.php?rest_route=%2Fwp%2Fv2%2Fmedia&parent=4806"}],"wp:term":[{"taxonomy":"product_cat","embeddable":true,"href":"https:\/\/bilshopping.dk\/index.php?rest_route=%2Fwp%2Fv2%2Fproduct_cat&post=4806"},{"taxonomy":"product_tag","embeddable":true,"href":"https:\/\/bilshopping.dk\/index.php?rest_route=%2Fwp%2Fv2%2Fproduct_tag&post=4806"},{"taxonomy":"brand","embeddable":true,"href":"https:\/\/bilshopping.dk\/index.php?rest_route=%2Fwp%2Fv2%2Fbrand&post=4806"}],"curies":[{"name":"wp","href":"https:\/\/api.w.org\/{rel}","templated":true}]}}