{"id":4816,"date":"2023-06-23T18:50:58","date_gmt":"2023-06-23T16:50:58","guid":{"rendered":"https:\/\/bilshopping.dk\/produkt\/bardahl-ms-polymer-klaebemasse-290-ml-hvid\/"},"modified":"2023-06-23T18:51:03","modified_gmt":"2023-06-23T16:51:03","slug":"bardahl-ms-polymer-klaebemasse-290-ml-hvid","status":"publish","type":"product","link":"https:\/\/bilshopping.dk\/?product=bardahl-ms-polymer-klaebemasse-290-ml-hvid","title":{"rendered":"Bardahl MS Polymer Kl\u00e6bemasse 290 ml. Hvid"},"content":{"rendered":"<p>Produktid er <strong>1282-1487<\/strong> og <strong><\/strong><\/p>\n<h2>Anmeldelse af Bardahl MS Polymer Kl\u00e6bemasse 290 ml. Hvid<\/h2>\n<p>Se om vi har en <a href=\"https:\/\/bilshopping.dk\/592\">anmeldelse af Bardahl MS Polymer Kl\u00e6bemasse 290 ml. Hvid<\/a>.<\/p>\n","protected":false},"excerpt":{"rendered":"<p>Bardahl Bodysealer (&#8220;volvokit&#8221;) er en hurtigt\u00f8rrende t\u00e6tningsmasse til penselp\u00e5sm\u00f8ring, til professionel t\u00e6tning af karosseridele. Overlakerbar.<br \/>\n\u00c2\u00a0, Bardahl MS Polymer Kl\u00e6bemasse 290 ml. Hvid.<\/p>\n","protected":false},"featured_media":4817,"comment_status":"closed","ping_status":"open","template":"","meta":{"_kad_post_transparent":"","_kad_post_title":"","_kad_post_layout":"","_kad_post_sidebar_id":"","_kad_post_content_style":"","_kad_post_vertical_padding":"","_kad_post_feature":"","_kad_post_feature_position":"","_kad_post_header":false,"_kad_post_footer":false},"product_cat":[3127,3139],"product_tag":[2988,3129,3140],"brand":[],"class_list":{"0":"post-4816","1":"product","2":"type-product","3":"status-publish","4":"has-post-thumbnail","6":"product_cat-olie-kemi","7":"product_cat-rustbeskyttelse","8":"product_tag-los","9":"product_tag-olie-kemi","10":"product_tag-rustbeskyttelse","12":"first","13":"instock","14":"product-type-external","15":"entry","16":"content-bg","17":"loop-entry"},"_links":{"self":[{"href":"https:\/\/bilshopping.dk\/index.php?rest_route=\/wp\/v2\/product\/4816","targetHints":{"allow":["GET"]}}],"collection":[{"href":"https:\/\/bilshopping.dk\/index.php?rest_route=\/wp\/v2\/product"}],"about":[{"href":"https:\/\/bilshopping.dk\/index.php?rest_route=\/wp\/v2\/types\/product"}],"replies":[{"embeddable":true,"href":"https:\/\/bilshopping.dk\/index.php?rest_route=%2Fwp%2Fv2%2Fcomments&post=4816"}],"wp:featuredmedia":[{"embeddable":true,"href":"https:\/\/bilshopping.dk\/index.php?rest_route=\/wp\/v2\/media\/4817"}],"wp:attachment":[{"href":"https:\/\/bilshopping.dk\/index.php?rest_route=%2Fwp%2Fv2%2Fmedia&parent=4816"}],"wp:term":[{"taxonomy":"product_cat","embeddable":true,"href":"https:\/\/bilshopping.dk\/index.php?rest_route=%2Fwp%2Fv2%2Fproduct_cat&post=4816"},{"taxonomy":"product_tag","embeddable":true,"href":"https:\/\/bilshopping.dk\/index.php?rest_route=%2Fwp%2Fv2%2Fproduct_tag&post=4816"},{"taxonomy":"brand","embeddable":true,"href":"https:\/\/bilshopping.dk\/index.php?rest_route=%2Fwp%2Fv2%2Fbrand&post=4816"}],"curies":[{"name":"wp","href":"https:\/\/api.w.org\/{rel}","templated":true}]}}