{"id":4818,"date":"2023-06-23T18:50:58","date_gmt":"2023-06-23T16:50:58","guid":{"rendered":"https:\/\/bilshopping.dk\/produkt\/bardahl-bremserens-600-ml\/"},"modified":"2023-06-23T18:51:03","modified_gmt":"2023-06-23T16:51:03","slug":"bardahl-bremserens-600-ml","status":"publish","type":"product","link":"https:\/\/bilshopping.dk\/?product=bardahl-bremserens-600-ml","title":{"rendered":"Bardahl Bremserens 600 ml."},"content":{"rendered":"<p>Produktid er <strong>1283<\/strong> og <strong><\/strong><\/p>\n<h2>Anmeldelse af Bardahl Bremserens 600 ml.<\/h2>\n<p>Se om vi har en <a href=\"https:\/\/bilshopping.dk\/592\">anmeldelse af Bardahl Bremserens 600 ml.<\/a>.<\/p>\n","protected":false},"excerpt":{"rendered":"<p>Bardahl Bremserens 600 ml. reng\u00f8r og eliminerer hurtigt alle typer aflejringer fra mekaniske dele s\u00e5som bremser, gear, koblinger, motorer, k\u00e6der, l\u00f8bere, kanoner, h\u00e6kbesk\u00e6rere osv, Bardahl Bremserens 600 ml..<\/p>\n","protected":false},"featured_media":4819,"comment_status":"closed","ping_status":"open","template":"","meta":{"_kad_post_transparent":"","_kad_post_title":"","_kad_post_layout":"","_kad_post_sidebar_id":"","_kad_post_content_style":"","_kad_post_vertical_padding":"","_kad_post_feature":"","_kad_post_feature_position":"","_kad_post_header":false,"_kad_post_footer":false},"product_cat":[3127,3137],"product_tag":[2988,3129,3138],"brand":[],"class_list":{"0":"post-4818","1":"product","2":"type-product","3":"status-publish","4":"has-post-thumbnail","6":"product_cat-olie-kemi","7":"product_cat-smoeremidler","8":"product_tag-los","9":"product_tag-olie-kemi","10":"product_tag-smoeremidler","12":"first","13":"instock","14":"sale","15":"product-type-external","16":"entry","17":"content-bg","18":"loop-entry"},"_links":{"self":[{"href":"https:\/\/bilshopping.dk\/index.php?rest_route=\/wp\/v2\/product\/4818","targetHints":{"allow":["GET"]}}],"collection":[{"href":"https:\/\/bilshopping.dk\/index.php?rest_route=\/wp\/v2\/product"}],"about":[{"href":"https:\/\/bilshopping.dk\/index.php?rest_route=\/wp\/v2\/types\/product"}],"replies":[{"embeddable":true,"href":"https:\/\/bilshopping.dk\/index.php?rest_route=%2Fwp%2Fv2%2Fcomments&post=4818"}],"wp:featuredmedia":[{"embeddable":true,"href":"https:\/\/bilshopping.dk\/index.php?rest_route=\/wp\/v2\/media\/4819"}],"wp:attachment":[{"href":"https:\/\/bilshopping.dk\/index.php?rest_route=%2Fwp%2Fv2%2Fmedia&parent=4818"}],"wp:term":[{"taxonomy":"product_cat","embeddable":true,"href":"https:\/\/bilshopping.dk\/index.php?rest_route=%2Fwp%2Fv2%2Fproduct_cat&post=4818"},{"taxonomy":"product_tag","embeddable":true,"href":"https:\/\/bilshopping.dk\/index.php?rest_route=%2Fwp%2Fv2%2Fproduct_tag&post=4818"},{"taxonomy":"brand","embeddable":true,"href":"https:\/\/bilshopping.dk\/index.php?rest_route=%2Fwp%2Fv2%2Fbrand&post=4818"}],"curies":[{"name":"wp","href":"https:\/\/api.w.org\/{rel}","templated":true}]}}