{"id":4865,"date":"2023-06-23T18:51:12","date_gmt":"2023-06-23T16:51:12","guid":{"rendered":"https:\/\/bilshopping.dk\/produkt\/hertz-ck165-cento-165-mm-komponent-system\/"},"modified":"2023-06-23T18:51:19","modified_gmt":"2023-06-23T16:51:19","slug":"hertz-ck165-cento-165-mm-komponent-system","status":"publish","type":"product","link":"https:\/\/bilshopping.dk\/?product=hertz-ck165-cento-165-mm-komponent-system","title":{"rendered":"Hertz CK165 Cento 165 mm komponent system"},"content":{"rendered":"<p>Produktid er <strong>1347<\/strong> og <strong>8018823125963<\/strong><\/p>\n<h2>Anmeldelse af Hertz CK165 Cento 165 mm komponent system<\/h2>\n<p>Se om vi har en <a href=\"https:\/\/bilshopping.dk\/592\">anmeldelse af Hertz CK165 Cento 165 mm komponent system<\/a>.<\/p>\n","protected":false},"excerpt":{"rendered":"<p>Hertz CK165 Cento 165 mm komponent system er et produkt der giver en behagelig og naturlig gengivelse, men samtidig har en stivhed, som g\u00f8r den yderst dynamisk.<br \/>\nDet helt rigtige valg, hvis du \u00f8nsker dig et s\u00e6t bilh\u00f8jttalere hvor dynamikken er i h\u00f8js\u00e6de., Hertz CK165 Cento 165 mm komponent system.<\/p>\n","protected":false},"featured_media":4866,"comment_status":"closed","ping_status":"open","template":"","meta":{"_kad_post_transparent":"","_kad_post_title":"","_kad_post_layout":"","_kad_post_sidebar_id":"","_kad_post_content_style":"","_kad_post_vertical_padding":"","_kad_post_feature":"","_kad_post_feature_position":"","_kad_post_header":false,"_kad_post_footer":false},"product_cat":[3162,3180],"product_tag":[3164,3181,2988],"brand":[],"class_list":{"0":"post-4865","1":"product","2":"type-product","3":"status-publish","4":"has-post-thumbnail","6":"product_cat-bilstereo","7":"product_cat-hoejttalere","8":"product_tag-bilstereo","9":"product_tag-hoejttalere","10":"product_tag-los","12":"first","13":"instock","14":"product-type-external","15":"entry","16":"content-bg","17":"loop-entry"},"_links":{"self":[{"href":"https:\/\/bilshopping.dk\/index.php?rest_route=\/wp\/v2\/product\/4865","targetHints":{"allow":["GET"]}}],"collection":[{"href":"https:\/\/bilshopping.dk\/index.php?rest_route=\/wp\/v2\/product"}],"about":[{"href":"https:\/\/bilshopping.dk\/index.php?rest_route=\/wp\/v2\/types\/product"}],"replies":[{"embeddable":true,"href":"https:\/\/bilshopping.dk\/index.php?rest_route=%2Fwp%2Fv2%2Fcomments&post=4865"}],"wp:featuredmedia":[{"embeddable":true,"href":"https:\/\/bilshopping.dk\/index.php?rest_route=\/wp\/v2\/media\/4866"}],"wp:attachment":[{"href":"https:\/\/bilshopping.dk\/index.php?rest_route=%2Fwp%2Fv2%2Fmedia&parent=4865"}],"wp:term":[{"taxonomy":"product_cat","embeddable":true,"href":"https:\/\/bilshopping.dk\/index.php?rest_route=%2Fwp%2Fv2%2Fproduct_cat&post=4865"},{"taxonomy":"product_tag","embeddable":true,"href":"https:\/\/bilshopping.dk\/index.php?rest_route=%2Fwp%2Fv2%2Fproduct_tag&post=4865"},{"taxonomy":"brand","embeddable":true,"href":"https:\/\/bilshopping.dk\/index.php?rest_route=%2Fwp%2Fv2%2Fbrand&post=4865"}],"curies":[{"name":"wp","href":"https:\/\/api.w.org\/{rel}","templated":true}]}}