{"id":4867,"date":"2023-06-23T18:51:12","date_gmt":"2023-06-23T16:51:12","guid":{"rendered":"https:\/\/bilshopping.dk\/produkt\/hertz-ck165l-cento-165-mm-komponent-hoejtaler-saet\/"},"modified":"2023-06-23T18:51:20","modified_gmt":"2023-06-23T16:51:20","slug":"hertz-ck165l-cento-165-mm-komponent-hoejtaler-saet","status":"publish","type":"product","link":"https:\/\/bilshopping.dk\/?product=hertz-ck165l-cento-165-mm-komponent-hoejtaler-saet","title":{"rendered":"Hertz CK165L Cento 165 mm komponent h\u00f8jtaler s\u00e6t"},"content":{"rendered":"<p>Produktid er <strong>1348<\/strong> og <strong>8018823128414<\/strong><\/p>\n<h2>Anmeldelse af Hertz CK165L Cento 165 mm komponent h\u00f8jtaler s\u00e6t<\/h2>\n<p>Se om vi har en <a href=\"https:\/\/bilshopping.dk\/592\">anmeldelse af Hertz CK165L Cento 165 mm komponent h\u00f8jtaler s\u00e6t<\/a>.<\/p>\n","protected":false},"excerpt":{"rendered":"<p>Hertz Cento CK 165L komponent h\u00f8jttalers\u00e6t er til dig, der \u00f8nsker en dyb og naturtro gengivelse ved alle lydstyrker. Her er der ikke g\u00e5et p\u00e5 kompromis med valg af materialer for at opn\u00e5 den bedste lyd til prisen., Hertz CK165L Cento 165 mm komponent h\u00f8jtaler s\u00e6t.<\/p>\n","protected":false},"featured_media":4868,"comment_status":"closed","ping_status":"open","template":"","meta":{"_kad_post_transparent":"","_kad_post_title":"","_kad_post_layout":"","_kad_post_sidebar_id":"","_kad_post_content_style":"","_kad_post_vertical_padding":"","_kad_post_feature":"","_kad_post_feature_position":"","_kad_post_header":false,"_kad_post_footer":false},"product_cat":[3162,3180],"product_tag":[3164,3181,2988],"brand":[],"class_list":{"0":"post-4867","1":"product","2":"type-product","3":"status-publish","4":"has-post-thumbnail","6":"product_cat-bilstereo","7":"product_cat-hoejttalere","8":"product_tag-bilstereo","9":"product_tag-hoejttalere","10":"product_tag-los","12":"first","13":"instock","14":"product-type-external","15":"entry","16":"content-bg","17":"loop-entry"},"_links":{"self":[{"href":"https:\/\/bilshopping.dk\/index.php?rest_route=\/wp\/v2\/product\/4867","targetHints":{"allow":["GET"]}}],"collection":[{"href":"https:\/\/bilshopping.dk\/index.php?rest_route=\/wp\/v2\/product"}],"about":[{"href":"https:\/\/bilshopping.dk\/index.php?rest_route=\/wp\/v2\/types\/product"}],"replies":[{"embeddable":true,"href":"https:\/\/bilshopping.dk\/index.php?rest_route=%2Fwp%2Fv2%2Fcomments&post=4867"}],"wp:featuredmedia":[{"embeddable":true,"href":"https:\/\/bilshopping.dk\/index.php?rest_route=\/wp\/v2\/media\/4868"}],"wp:attachment":[{"href":"https:\/\/bilshopping.dk\/index.php?rest_route=%2Fwp%2Fv2%2Fmedia&parent=4867"}],"wp:term":[{"taxonomy":"product_cat","embeddable":true,"href":"https:\/\/bilshopping.dk\/index.php?rest_route=%2Fwp%2Fv2%2Fproduct_cat&post=4867"},{"taxonomy":"product_tag","embeddable":true,"href":"https:\/\/bilshopping.dk\/index.php?rest_route=%2Fwp%2Fv2%2Fproduct_tag&post=4867"},{"taxonomy":"brand","embeddable":true,"href":"https:\/\/bilshopping.dk\/index.php?rest_route=%2Fwp%2Fv2%2Fbrand&post=4867"}],"curies":[{"name":"wp","href":"https:\/\/api.w.org\/{rel}","templated":true}]}}