{"id":4869,"date":"2023-06-23T18:51:12","date_gmt":"2023-06-23T16:51:12","guid":{"rendered":"https:\/\/bilshopping.dk\/produkt\/hertz-cpk165pro-cento-hoejtalersystem-2-vejs\/"},"modified":"2023-06-23T18:51:21","modified_gmt":"2023-06-23T16:51:21","slug":"hertz-cpk165pro-cento-hoejtalersystem-2-vejs","status":"publish","type":"product","link":"https:\/\/bilshopping.dk\/?product=hertz-cpk165pro-cento-hoejtalersystem-2-vejs","title":{"rendered":"Hertz CPK165PRO Cento h\u00f8jtalersystem, 2-vejs"},"content":{"rendered":"<p>Produktid er <strong>1349<\/strong> og <strong>8018823123983<\/strong><\/p>\n<h2>Anmeldelse af Hertz CPK165PRO Cento h\u00f8jtalersystem, 2-vejs<\/h2>\n<p>Se om vi har en <a href=\"https:\/\/bilshopping.dk\/592\">anmeldelse af Hertz CPK165PRO Cento h\u00f8jtalersystem, 2-vejs<\/a>.<\/p>\n","protected":false},"excerpt":{"rendered":"<p>Hertz audio Cento CPK 165 PRO bilstereo h\u00f8jttaler system best\u00e5r af Hertz CP 165 woofer og CP 25 diskant enhed med Tetolon dome og 25 mm svingspole, der sikrer en meget bred og line\u00e6r frekvens omr\u00e5de. CP 25 anvender &#8220;Center Tuning Duct&#8221; -teknologien.\u00c2\u00a0Et s, Hertz CPK165PRO Cento h\u00f8jtalersystem, 2-vejs.<\/p>\n","protected":false},"featured_media":4870,"comment_status":"closed","ping_status":"open","template":"","meta":{"_kad_post_transparent":"","_kad_post_title":"","_kad_post_layout":"","_kad_post_sidebar_id":"","_kad_post_content_style":"","_kad_post_vertical_padding":"","_kad_post_feature":"","_kad_post_feature_position":"","_kad_post_header":false,"_kad_post_footer":false},"product_cat":[3162,3180],"product_tag":[3164,3181,2988],"brand":[],"class_list":{"0":"post-4869","1":"product","2":"type-product","3":"status-publish","4":"has-post-thumbnail","6":"product_cat-bilstereo","7":"product_cat-hoejttalere","8":"product_tag-bilstereo","9":"product_tag-hoejttalere","10":"product_tag-los","12":"first","13":"instock","14":"product-type-external","15":"entry","16":"content-bg","17":"loop-entry"},"_links":{"self":[{"href":"https:\/\/bilshopping.dk\/index.php?rest_route=\/wp\/v2\/product\/4869","targetHints":{"allow":["GET"]}}],"collection":[{"href":"https:\/\/bilshopping.dk\/index.php?rest_route=\/wp\/v2\/product"}],"about":[{"href":"https:\/\/bilshopping.dk\/index.php?rest_route=\/wp\/v2\/types\/product"}],"replies":[{"embeddable":true,"href":"https:\/\/bilshopping.dk\/index.php?rest_route=%2Fwp%2Fv2%2Fcomments&post=4869"}],"wp:featuredmedia":[{"embeddable":true,"href":"https:\/\/bilshopping.dk\/index.php?rest_route=\/wp\/v2\/media\/4870"}],"wp:attachment":[{"href":"https:\/\/bilshopping.dk\/index.php?rest_route=%2Fwp%2Fv2%2Fmedia&parent=4869"}],"wp:term":[{"taxonomy":"product_cat","embeddable":true,"href":"https:\/\/bilshopping.dk\/index.php?rest_route=%2Fwp%2Fv2%2Fproduct_cat&post=4869"},{"taxonomy":"product_tag","embeddable":true,"href":"https:\/\/bilshopping.dk\/index.php?rest_route=%2Fwp%2Fv2%2Fproduct_tag&post=4869"},{"taxonomy":"brand","embeddable":true,"href":"https:\/\/bilshopping.dk\/index.php?rest_route=%2Fwp%2Fv2%2Fbrand&post=4869"}],"curies":[{"name":"wp","href":"https:\/\/api.w.org\/{rel}","templated":true}]}}