{"id":4891,"date":"2023-06-23T18:51:28","date_gmt":"2023-06-23T16:51:28","guid":{"rendered":"https:\/\/bilshopping.dk\/produkt\/hertz-dpower-forstaerker-1-kanal\/"},"modified":"2023-06-23T18:51:34","modified_gmt":"2023-06-23T16:51:34","slug":"hertz-dpower-forstaerker-1-kanal","status":"publish","type":"product","link":"https:\/\/bilshopping.dk\/?product=hertz-dpower-forstaerker-1-kanal","title":{"rendered":"Hertz DPower forst\u00e6rker 1 kanal"},"content":{"rendered":"<p>Produktid er <strong>1360<\/strong> og <strong>8018823122115<\/strong><\/p>\n<h2>Anmeldelse af Hertz DPower forst\u00e6rker 1 kanal<\/h2>\n<p>Se om vi har en <a href=\"https:\/\/bilshopping.dk\/592\">anmeldelse af Hertz DPower forst\u00e6rker 1 kanal<\/a>.<\/p>\n","protected":false},"excerpt":{"rendered":"<p>Hertz DPower 1\u00c2\u00a0er en fremragende l\u00f8sning til lyd opgradering af din bils originale anl\u00e6g!\u00c2\u00a0<br \/>\nDet ekstremt kompakt design g\u00f8r Hertz DPower 1 nem at f\u00e5 plads til i et moderne k\u00f8ret\u00f8j. Den ekstrem effektive D Class forst\u00e6rke som giver ikke mindre end 600 W m, Hertz DPower forst\u00e6rker 1 kanal.<\/p>\n","protected":false},"featured_media":4892,"comment_status":"closed","ping_status":"open","template":"","meta":{"_kad_post_transparent":"","_kad_post_title":"","_kad_post_layout":"","_kad_post_sidebar_id":"","_kad_post_content_style":"","_kad_post_vertical_padding":"","_kad_post_feature":"","_kad_post_feature_position":"","_kad_post_header":false,"_kad_post_footer":false},"product_cat":[3162,3176],"product_tag":[3164,3177,2988],"brand":[],"class_list":{"0":"post-4891","1":"product","2":"type-product","3":"status-publish","4":"has-post-thumbnail","6":"product_cat-bilstereo","7":"product_cat-forstaerkere","8":"product_tag-bilstereo","9":"product_tag-forstaerkere","10":"product_tag-los","12":"first","13":"instock","14":"product-type-external","15":"entry","16":"content-bg","17":"loop-entry"},"_links":{"self":[{"href":"https:\/\/bilshopping.dk\/index.php?rest_route=\/wp\/v2\/product\/4891","targetHints":{"allow":["GET"]}}],"collection":[{"href":"https:\/\/bilshopping.dk\/index.php?rest_route=\/wp\/v2\/product"}],"about":[{"href":"https:\/\/bilshopping.dk\/index.php?rest_route=\/wp\/v2\/types\/product"}],"replies":[{"embeddable":true,"href":"https:\/\/bilshopping.dk\/index.php?rest_route=%2Fwp%2Fv2%2Fcomments&post=4891"}],"wp:featuredmedia":[{"embeddable":true,"href":"https:\/\/bilshopping.dk\/index.php?rest_route=\/wp\/v2\/media\/4892"}],"wp:attachment":[{"href":"https:\/\/bilshopping.dk\/index.php?rest_route=%2Fwp%2Fv2%2Fmedia&parent=4891"}],"wp:term":[{"taxonomy":"product_cat","embeddable":true,"href":"https:\/\/bilshopping.dk\/index.php?rest_route=%2Fwp%2Fv2%2Fproduct_cat&post=4891"},{"taxonomy":"product_tag","embeddable":true,"href":"https:\/\/bilshopping.dk\/index.php?rest_route=%2Fwp%2Fv2%2Fproduct_tag&post=4891"},{"taxonomy":"brand","embeddable":true,"href":"https:\/\/bilshopping.dk\/index.php?rest_route=%2Fwp%2Fv2%2Fbrand&post=4891"}],"curies":[{"name":"wp","href":"https:\/\/api.w.org\/{rel}","templated":true}]}}