{"id":4903,"date":"2023-06-23T18:51:28","date_gmt":"2023-06-23T16:51:28","guid":{"rendered":"https:\/\/bilshopping.dk\/produkt\/hertz-hcp4m-marine-forstaerker-4x95-watt\/"},"modified":"2023-06-23T18:51:42","modified_gmt":"2023-06-23T16:51:42","slug":"hertz-hcp4m-marine-forstaerker-4x95-watt","status":"publish","type":"product","link":"https:\/\/bilshopping.dk\/?product=hertz-hcp4m-marine-forstaerker-4x95-watt","title":{"rendered":"Hertz HCP4M Marine forst\u00e6rker 4&#215;95 watt"},"content":{"rendered":"<p>Produktid er <strong>1378<\/strong> og <strong>8018823122108<\/strong><\/p>\n<h2>Anmeldelse af Hertz HCP4M Marine forst\u00e6rker 4&#215;95 watt<\/h2>\n<p>Se om vi har en <a href=\"https:\/\/bilshopping.dk\/592\">anmeldelse af Hertz HCP4M Marine forst\u00e6rker 4&#215;95 watt<\/a>.<\/p>\n","protected":false},"excerpt":{"rendered":"<p>HCP 4 M marine forst\u00e6rkeren\u00c2\u00a0har\u00c2\u00a0et kompakt design beregnet til det \u00e5bne vand, med masser af ren r\u00e5styrke. Forst\u00e6rkeren\u00c2\u00a0\u00c2\u00a0er lavet i aluminium, et materiale kendt for lethed, robusthed og varmebestandig., Hertz HCP4M Marine forst\u00e6rker 4&#215;95 watt.<\/p>\n","protected":false},"featured_media":4904,"comment_status":"closed","ping_status":"open","template":"","meta":{"_kad_post_transparent":"","_kad_post_title":"","_kad_post_layout":"","_kad_post_sidebar_id":"","_kad_post_content_style":"","_kad_post_vertical_padding":"","_kad_post_feature":"","_kad_post_feature_position":"","_kad_post_header":false,"_kad_post_footer":false},"product_cat":[3162,3249],"product_tag":[3164,2988,3250],"brand":[],"class_list":{"0":"post-4903","1":"product","2":"type-product","3":"status-publish","4":"has-post-thumbnail","6":"product_cat-bilstereo","7":"product_cat-marine","8":"product_tag-bilstereo","9":"product_tag-los","10":"product_tag-marine","12":"first","13":"instock","14":"product-type-external","15":"entry","16":"content-bg","17":"loop-entry"},"_links":{"self":[{"href":"https:\/\/bilshopping.dk\/index.php?rest_route=\/wp\/v2\/product\/4903","targetHints":{"allow":["GET"]}}],"collection":[{"href":"https:\/\/bilshopping.dk\/index.php?rest_route=\/wp\/v2\/product"}],"about":[{"href":"https:\/\/bilshopping.dk\/index.php?rest_route=\/wp\/v2\/types\/product"}],"replies":[{"embeddable":true,"href":"https:\/\/bilshopping.dk\/index.php?rest_route=%2Fwp%2Fv2%2Fcomments&post=4903"}],"wp:featuredmedia":[{"embeddable":true,"href":"https:\/\/bilshopping.dk\/index.php?rest_route=\/wp\/v2\/media\/4904"}],"wp:attachment":[{"href":"https:\/\/bilshopping.dk\/index.php?rest_route=%2Fwp%2Fv2%2Fmedia&parent=4903"}],"wp:term":[{"taxonomy":"product_cat","embeddable":true,"href":"https:\/\/bilshopping.dk\/index.php?rest_route=%2Fwp%2Fv2%2Fproduct_cat&post=4903"},{"taxonomy":"product_tag","embeddable":true,"href":"https:\/\/bilshopping.dk\/index.php?rest_route=%2Fwp%2Fv2%2Fproduct_tag&post=4903"},{"taxonomy":"brand","embeddable":true,"href":"https:\/\/bilshopping.dk\/index.php?rest_route=%2Fwp%2Fv2%2Fbrand&post=4903"}],"curies":[{"name":"wp","href":"https:\/\/api.w.org\/{rel}","templated":true}]}}